{"id":1905,"date":"2020-11-10T00:02:11","date_gmt":"2020-11-09T23:02:11","guid":{"rendered":"https:\/\/www.enate.es\/fr\/?post_type=product&#038;p=1905"},"modified":"2023-04-12T09:48:52","modified_gmt":"2023-04-12T07:48:52","slug":"gewurztraminer-dulce","status":"publish","type":"product","link":"https:\/\/www.enate.es\/fr\/boutique\/gewurztraminer-dulce\/","title":{"rendered":"Gew\u00fcrztraminer dulce (50 cl)"},"content":{"rendered":"<h2>C\u00e9page<\/h2>\n<p>Gew\u00fcrztraminer.<\/p>\n<h2>Impressions du chef de cave<\/h2>\n<p>Vin glyc\u00e9rique et rafra\u00eechissant, le vrai vin gourmand d\u2019ENATE.<\/p>\n<h2>Suggestion d\u2019accompagnement<\/h2>\n<p>D\u00e9gust\u00e9 bien frais, autour de 6 \u00b0C, est le compagnon parfait des plats sal\u00e9s mais aussi des sucr\u00e9s. Il est id\u00e9al pour les foies et les fromages bleus et \u00e9videmment pour rehausser le go\u00fbt de desserts tels que les salades de fruits, un millefeuille d\u2019ananas et glace ou un mousse vanille et sa sauce caramel beurre sal\u00e9 sur sabl\u00e9 breton.<\/p>\n<h2>\u00c9tiquette<\/h2>\n<p>Peinture originale pour ENATE de Ignacio Mayayo.<\/p>\n","protected":false},"excerpt":{"rendered":"<ul>\n<li>No se vende individualmente.<\/li>\n<li>La cantidad m\u00ednima son 6 botellas o m\u00faltiplos de 6.<\/li>\n<li>El precio dado corresponde a una botella.<\/li>\n<\/ul>\n<p>&#8230;<\/p>\n","protected":false},"featured_media":2806,"template":"","meta":{"_crdt_document":""},"product_brand":[],"product_cat":[23],"product_tag":[],"class_list":{"0":"post-1905","1":"product","2":"type-product","3":"status-publish","4":"has-post-thumbnail","6":"product_cat-blanco","8":"first","9":"instock","10":"taxable","11":"shipping-taxable","12":"purchasable","13":"product-type-simple"},"bundled_by":[],"bundle_stock_status":"instock","bundle_stock_quantity":null,"bundle_virtual":false,"bundle_layout":"","bundle_add_to_cart_form_location":"","bundle_editable_in_cart":false,"bundle_sold_individually_context":"","bundle_item_grouping":"","bundle_min_size":"","bundle_max_size":"","bundle_price":[],"bundled_items":[],"bundle_sell_ids":[],"exclude_global_add_ons":[],"addons":[],"_links":{"self":[{"href":"https:\/\/www.enate.es\/fr\/wp-json\/wp\/v2\/product\/1905","targetHints":{"allow":["GET"]}}],"collection":[{"href":"https:\/\/www.enate.es\/fr\/wp-json\/wp\/v2\/product"}],"about":[{"href":"https:\/\/www.enate.es\/fr\/wp-json\/wp\/v2\/types\/product"}],"version-history":[{"count":6,"href":"https:\/\/www.enate.es\/fr\/wp-json\/wp\/v2\/product\/1905\/revisions"}],"predecessor-version":[{"id":5950,"href":"https:\/\/www.enate.es\/fr\/wp-json\/wp\/v2\/product\/1905\/revisions\/5950"}],"wp:featuredmedia":[{"embeddable":true,"href":"https:\/\/www.enate.es\/fr\/wp-json\/wp\/v2\/media\/2806"}],"wp:attachment":[{"href":"https:\/\/www.enate.es\/fr\/wp-json\/wp\/v2\/media?parent=1905"}],"wp:term":[{"taxonomy":"product_brand","embeddable":true,"href":"https:\/\/www.enate.es\/fr\/wp-json\/wp\/v2\/product_brand?post=1905"},{"taxonomy":"product_cat","embeddable":true,"href":"https:\/\/www.enate.es\/fr\/wp-json\/wp\/v2\/product_cat?post=1905"},{"taxonomy":"product_tag","embeddable":true,"href":"https:\/\/www.enate.es\/fr\/wp-json\/wp\/v2\/product_tag?post=1905"}],"curies":[{"name":"wp","href":"https:\/\/api.w.org\/{rel}","templated":true}]}}