{"id":1903,"date":"2020-11-09T23:59:10","date_gmt":"2020-11-09T22:59:10","guid":{"rendered":"https:\/\/www.enate.es\/fr\/?post_type=product&#038;p=1903"},"modified":"2023-04-12T09:57:57","modified_gmt":"2023-04-12T07:57:57","slug":"uno-chardonnay","status":"publish","type":"product","link":"https:\/\/www.enate.es\/fr\/boutique\/uno-chardonnay\/","title":{"rendered":"Uno Chardonnay"},"content":{"rendered":"<h2>C\u00e9page<\/h2>\n<p>Chardonnay.<\/p>\n<h2>Impressions du chef de cave<\/h2>\n<p>Le vin blanc avec le plus d\u2019entit\u00e9 et d\u2019exclusivit\u00e9 d\u2019ENATE. Un vin original con\u00e7u au pied de vigne dont le processus de s\u00e9lection, aussi bien au vignoble que dans la cave, permets que la production de ce vin soit tr\u00e8s limit\u00e9e et qu\u2019il y ait peu de mill\u00e9simes avec autant d\u2019\u00e9l\u00e9gance et de concentration \u00e0 la fois.<\/p>\n<h2>Suggestion d\u2019accompagnement<\/h2>\n<p>Sa personnalit\u00e9, unique et exub\u00e9rante, exige accords gastronomiques comme des fromages affin\u00e9s, des poissions ou rago\u00fbts tels que le merlu aux c\u00e8pes fra\u00eeches ou de langouste.<\/p>\n<h2>\u00c9tiquette<\/h2>\n<p>Peinture originale pour ENATE de Erwin Bechtold.<\/p>\n","protected":false},"excerpt":{"rendered":"<p>El precio dado corresponde a una botella&#8230;.<\/p>\n","protected":false},"featured_media":2797,"template":"","meta":{"_crdt_document":""},"product_brand":[],"product_cat":[23],"product_tag":[],"class_list":{"0":"post-1903","1":"product","2":"type-product","3":"status-publish","4":"has-post-thumbnail","6":"product_cat-blanco","8":"first","9":"instock","10":"taxable","11":"shipping-taxable","12":"purchasable","13":"product-type-simple"},"bundled_by":[],"bundle_stock_status":"instock","bundle_stock_quantity":null,"bundle_virtual":false,"bundle_layout":"","bundle_add_to_cart_form_location":"","bundle_editable_in_cart":false,"bundle_sold_individually_context":"","bundle_item_grouping":"","bundle_min_size":"","bundle_max_size":"","bundle_price":[],"bundled_items":[],"bundle_sell_ids":[],"exclude_global_add_ons":[],"addons":[],"_links":{"self":[{"href":"https:\/\/www.enate.es\/fr\/wp-json\/wp\/v2\/product\/1903","targetHints":{"allow":["GET"]}}],"collection":[{"href":"https:\/\/www.enate.es\/fr\/wp-json\/wp\/v2\/product"}],"about":[{"href":"https:\/\/www.enate.es\/fr\/wp-json\/wp\/v2\/types\/product"}],"version-history":[{"count":1,"href":"https:\/\/www.enate.es\/fr\/wp-json\/wp\/v2\/product\/1903\/revisions"}],"predecessor-version":[{"id":5963,"href":"https:\/\/www.enate.es\/fr\/wp-json\/wp\/v2\/product\/1903\/revisions\/5963"}],"wp:featuredmedia":[{"embeddable":true,"href":"https:\/\/www.enate.es\/fr\/wp-json\/wp\/v2\/media\/2797"}],"wp:attachment":[{"href":"https:\/\/www.enate.es\/fr\/wp-json\/wp\/v2\/media?parent=1903"}],"wp:term":[{"taxonomy":"product_brand","embeddable":true,"href":"https:\/\/www.enate.es\/fr\/wp-json\/wp\/v2\/product_brand?post=1903"},{"taxonomy":"product_cat","embeddable":true,"href":"https:\/\/www.enate.es\/fr\/wp-json\/wp\/v2\/product_cat?post=1903"},{"taxonomy":"product_tag","embeddable":true,"href":"https:\/\/www.enate.es\/fr\/wp-json\/wp\/v2\/product_tag?post=1903"}],"curies":[{"name":"wp","href":"https:\/\/api.w.org\/{rel}","templated":true}]}}