{"id":1892,"date":"2020-11-09T23:58:46","date_gmt":"2020-11-09T22:58:46","guid":{"rendered":"https:\/\/www.enate.es\/fr\/?post_type=product&#038;p=1892"},"modified":"2024-11-04T13:45:15","modified_gmt":"2024-11-04T12:45:15","slug":"syrah-shiraz","status":"publish","type":"product","link":"https:\/\/www.enate.es\/fr\/boutique\/syrah-shiraz\/","title":{"rendered":"Syrah-Shiraz"},"content":{"rendered":"<h2>C\u00e9page<\/h2>\n<p>Syrah des vignobles de Cregenz\u00e1n et Shiraz des vignobles de Alcanetos.<\/p>\n<h2>Impressions du chef de cave<\/h2>\n<p>Le raisin du Rh\u00f4ne a d\u2019abord voyag\u00e9 en Australie et s\u2019implante aujourd\u2019hui dans la gamme des c\u00e9pages du Somontano pour renfermer le terroir le plus authentique d\u2019ENATE. Un r\u00e9gal, sph\u00e9rique.<\/p>\n<h2>Suggestion d\u2019accompagnement<\/h2>\n<p>Parfait compagnon des gibiers, rago\u00fbts, fum\u00e9es ou viandes en sauce tels que le magret de canard aux groseilles ou grill\u00e9es comme des joues de porc ib\u00e9rique cuisson lente \u00e0 la sauce teriyaki.<\/p>\n<h2>\u00c9tiquette<\/h2>\n<p>Peinture originale pour ENATE de Manuel Rivera.<\/p>\n","protected":false},"excerpt":{"rendered":"<p>C\u00e9page Syrah des vignobles de Cregenz\u00e1n et Shiraz des vignobles de Alcanetos. Impressions du chef de cave Le raisin du Rh\u00f4ne a d\u2019abord voyag\u00e9 en Australie et s\u2019implante aujourd\u2019hui dans la gamme des c\u00e9pages du Somontano pour renfermer le terroir le plus authentique d\u2019ENATE. Un r\u00e9gal, sph\u00e9rique. Suggestion d\u2019accompagnement Parfait compagnon des gibiers, rago\u00fbts, fum\u00e9es [&hellip;]&#8230;<\/p>\n","protected":false},"featured_media":6123,"template":"","meta":{"_crdt_document":""},"product_brand":[],"product_cat":[25],"product_tag":[],"class_list":{"0":"post-1892","1":"product","2":"type-product","3":"status-publish","4":"has-post-thumbnail","6":"product_cat-tinto","8":"first","9":"instock","10":"taxable","11":"shipping-taxable","12":"purchasable","13":"product-type-simple"},"bundled_by":[],"bundle_stock_status":"instock","bundle_stock_quantity":null,"bundle_virtual":false,"bundle_layout":"","bundle_add_to_cart_form_location":"","bundle_editable_in_cart":false,"bundle_sold_individually_context":"","bundle_item_grouping":"","bundle_min_size":"","bundle_max_size":"","bundle_price":[],"bundled_items":[],"bundle_sell_ids":[],"exclude_global_add_ons":[],"addons":[],"_links":{"self":[{"href":"https:\/\/www.enate.es\/fr\/wp-json\/wp\/v2\/product\/1892","targetHints":{"allow":["GET"]}}],"collection":[{"href":"https:\/\/www.enate.es\/fr\/wp-json\/wp\/v2\/product"}],"about":[{"href":"https:\/\/www.enate.es\/fr\/wp-json\/wp\/v2\/types\/product"}],"version-history":[{"count":2,"href":"https:\/\/www.enate.es\/fr\/wp-json\/wp\/v2\/product\/1892\/revisions"}],"predecessor-version":[{"id":5956,"href":"https:\/\/www.enate.es\/fr\/wp-json\/wp\/v2\/product\/1892\/revisions\/5956"}],"wp:featuredmedia":[{"embeddable":true,"href":"https:\/\/www.enate.es\/fr\/wp-json\/wp\/v2\/media\/6123"}],"wp:attachment":[{"href":"https:\/\/www.enate.es\/fr\/wp-json\/wp\/v2\/media?parent=1892"}],"wp:term":[{"taxonomy":"product_brand","embeddable":true,"href":"https:\/\/www.enate.es\/fr\/wp-json\/wp\/v2\/product_brand?post=1892"},{"taxonomy":"product_cat","embeddable":true,"href":"https:\/\/www.enate.es\/fr\/wp-json\/wp\/v2\/product_cat?post=1892"},{"taxonomy":"product_tag","embeddable":true,"href":"https:\/\/www.enate.es\/fr\/wp-json\/wp\/v2\/product_tag?post=1892"}],"curies":[{"name":"wp","href":"https:\/\/api.w.org\/{rel}","templated":true}]}}