{"id":1890,"date":"2020-11-09T23:57:46","date_gmt":"2020-11-09T22:57:46","guid":{"rendered":"https:\/\/www.enate.es\/fr\/?post_type=product&#038;p=1890"},"modified":"2024-11-04T13:43:47","modified_gmt":"2024-11-04T12:43:47","slug":"varietales","status":"publish","type":"product","link":"https:\/\/www.enate.es\/fr\/boutique\/varietales\/","title":{"rendered":"Varietales"},"content":{"rendered":"<h2>C\u00e9page<\/h2>\n<p>Cabernet sauvignon, merlot, tempranillo et syrah.<\/p>\n<h2>Impressions du chef de cave<\/h2>\n<p>Ce vin est le r\u00e9sultat de la fusion des vari\u00e9t\u00e9s les plus s\u00e9lectes de nos vignobles. Le nez, pr\u00e9sente les notes florales de merlot, les fruits rouges du tempranillo, les ar\u00f4mes \u00e9pic\u00e9s et balsamiques du cabernet et les fruits noirs de la syrah. Un vin \u00e9l\u00e9gant plein de nuances.<\/p>\n<h2>Suggestion d\u2019accompagnement<\/h2>\n<p>Id\u00e9ale avec des plats fum\u00e9es, grill\u00e9s ou des viandes rouges. Mais aussi avec des plats l\u00e9gers tels que le lapin aux prunes \u00e0 l\u2019ancienne ou des desserts \u00e0 base de fromage comme une tarte au fromage et yaourt avec groseilles.<\/p>\n<h2>\u00c9tiquette<\/h2>\n<p>Peinture originale pour ENATE de Salvador Victoria.<\/p>\n","protected":false},"excerpt":{"rendered":"<ul>\n<li>No se vende individualmente.<\/li>\n<li>La cantidad m\u00ednima son 3 botellas o m\u00faltiplos de 3.<\/li>\n<li>El precio dado corresponde a una botella.<\/li>\n<\/ul>\n<p>&#8230;<\/p>\n","protected":false},"featured_media":6125,"template":"","meta":{"_crdt_document":""},"product_brand":[],"product_cat":[25],"product_tag":[],"class_list":{"0":"post-1890","1":"product","2":"type-product","3":"status-publish","4":"has-post-thumbnail","6":"product_cat-tinto","8":"first","9":"instock","10":"taxable","11":"shipping-taxable","12":"purchasable","13":"product-type-simple"},"bundled_by":[],"bundle_stock_status":"instock","bundle_stock_quantity":null,"bundle_virtual":false,"bundle_layout":"","bundle_add_to_cart_form_location":"","bundle_editable_in_cart":false,"bundle_sold_individually_context":"","bundle_item_grouping":"","bundle_min_size":"","bundle_max_size":"","bundle_price":[],"bundled_items":[],"bundle_sell_ids":[],"exclude_global_add_ons":[],"addons":[],"_links":{"self":[{"href":"https:\/\/www.enate.es\/fr\/wp-json\/wp\/v2\/product\/1890","targetHints":{"allow":["GET"]}}],"collection":[{"href":"https:\/\/www.enate.es\/fr\/wp-json\/wp\/v2\/product"}],"about":[{"href":"https:\/\/www.enate.es\/fr\/wp-json\/wp\/v2\/types\/product"}],"version-history":[{"count":4,"href":"https:\/\/www.enate.es\/fr\/wp-json\/wp\/v2\/product\/1890\/revisions"}],"predecessor-version":[{"id":5959,"href":"https:\/\/www.enate.es\/fr\/wp-json\/wp\/v2\/product\/1890\/revisions\/5959"}],"wp:featuredmedia":[{"embeddable":true,"href":"https:\/\/www.enate.es\/fr\/wp-json\/wp\/v2\/media\/6125"}],"wp:attachment":[{"href":"https:\/\/www.enate.es\/fr\/wp-json\/wp\/v2\/media?parent=1890"}],"wp:term":[{"taxonomy":"product_brand","embeddable":true,"href":"https:\/\/www.enate.es\/fr\/wp-json\/wp\/v2\/product_brand?post=1890"},{"taxonomy":"product_cat","embeddable":true,"href":"https:\/\/www.enate.es\/fr\/wp-json\/wp\/v2\/product_cat?post=1890"},{"taxonomy":"product_tag","embeddable":true,"href":"https:\/\/www.enate.es\/fr\/wp-json\/wp\/v2\/product_tag?post=1890"}],"curies":[{"name":"wp","href":"https:\/\/api.w.org\/{rel}","templated":true}]}}