{"id":1872,"date":"2020-11-09T23:46:33","date_gmt":"2020-11-09T22:46:33","guid":{"rendered":"https:\/\/www.enate.es\/fr\/?post_type=product&#038;p=1872"},"modified":"2023-04-12T09:52:27","modified_gmt":"2023-04-12T07:52:27","slug":"reserva","status":"publish","type":"product","link":"https:\/\/www.enate.es\/fr\/boutique\/reserva\/","title":{"rendered":"Reserva"},"content":{"rendered":"<h2>C\u00e9page<\/h2>\n<p>Cabernet sauvignon.<\/p>\n<h2>Impressions du chef de cave<\/h2>\n<p>En conjuguant les techniques ancestrales et les plus actuelles, on obtient un vin qui non seulement est un vin \u00e9quilibr\u00e9, mais qui est \u00e9galement dot\u00e9 d\u2019un bon potentiel de vieillissement en bouteille.<\/p>\n<h2>Suggestion d\u2019accompagnement<\/h2>\n<p>Id\u00e9alement avec les viandes rouges, plats mijot\u00e9s et fromage. Aussi avec des plats savoureux tels que les sanguins en persillade ou des haricots blancs aux palourdes et blancs de seiche.<\/p>\n<h2>\u00c9tiquette<\/h2>\n<p>Peinture originale pour ENATE de Jos\u00e9 Manuel Broto.<\/p>\n","protected":false},"excerpt":{"rendered":"<ul>\n<li>No se vende individualmente.<\/li>\n<li>La cantidad m\u00ednima son 3 botellas o m\u00faltiplos de 3.<\/li>\n<li>El precio dado corresponde a una botella.<\/li>\n<\/ul>\n<p>&#8230;<\/p>\n","protected":false},"featured_media":2793,"template":"","meta":{"_crdt_document":""},"product_brand":[],"product_cat":[25],"product_tag":[],"class_list":{"0":"post-1872","1":"product","2":"type-product","3":"status-publish","4":"has-post-thumbnail","6":"product_cat-tinto","8":"first","9":"instock","10":"taxable","11":"shipping-taxable","12":"purchasable","13":"product-type-simple"},"bundled_by":[],"bundle_stock_status":"instock","bundle_stock_quantity":null,"bundle_virtual":false,"bundle_layout":"","bundle_add_to_cart_form_location":"","bundle_editable_in_cart":false,"bundle_sold_individually_context":"","bundle_item_grouping":"","bundle_min_size":"","bundle_max_size":"","bundle_price":[],"bundled_items":[],"bundle_sell_ids":[],"exclude_global_add_ons":[],"addons":[],"_links":{"self":[{"href":"https:\/\/www.enate.es\/fr\/wp-json\/wp\/v2\/product\/1872","targetHints":{"allow":["GET"]}}],"collection":[{"href":"https:\/\/www.enate.es\/fr\/wp-json\/wp\/v2\/product"}],"about":[{"href":"https:\/\/www.enate.es\/fr\/wp-json\/wp\/v2\/types\/product"}],"version-history":[{"count":1,"href":"https:\/\/www.enate.es\/fr\/wp-json\/wp\/v2\/product\/1872\/revisions"}],"predecessor-version":[{"id":5954,"href":"https:\/\/www.enate.es\/fr\/wp-json\/wp\/v2\/product\/1872\/revisions\/5954"}],"wp:featuredmedia":[{"embeddable":true,"href":"https:\/\/www.enate.es\/fr\/wp-json\/wp\/v2\/media\/2793"}],"wp:attachment":[{"href":"https:\/\/www.enate.es\/fr\/wp-json\/wp\/v2\/media?parent=1872"}],"wp:term":[{"taxonomy":"product_brand","embeddable":true,"href":"https:\/\/www.enate.es\/fr\/wp-json\/wp\/v2\/product_brand?post=1872"},{"taxonomy":"product_cat","embeddable":true,"href":"https:\/\/www.enate.es\/fr\/wp-json\/wp\/v2\/product_cat?post=1872"},{"taxonomy":"product_tag","embeddable":true,"href":"https:\/\/www.enate.es\/fr\/wp-json\/wp\/v2\/product_tag?post=1872"}],"curies":[{"name":"wp","href":"https:\/\/api.w.org\/{rel}","templated":true}]}}