{"id":1871,"date":"2020-11-09T23:41:32","date_gmt":"2020-11-09T22:41:32","guid":{"rendered":"https:\/\/www.enate.es\/fr\/?post_type=product&#038;p=1871"},"modified":"2023-04-12T09:47:48","modified_gmt":"2023-04-12T07:47:48","slug":"chardonnay-fermentado-en-barrica","status":"publish","type":"product","link":"https:\/\/www.enate.es\/fr\/boutique\/chardonnay-fermentado-en-barrica\/","title":{"rendered":"Chardonnay fermentado en barrica"},"content":{"rendered":"<h2>C\u00e9page<\/h2>\n<p>Chardonnay.<\/p>\n<h2>Impressions du chef de cave<\/h2>\n<p>Un vrai standard de la cave qui d\u00e9ploie un magnifique \u00e9quilibre entre le fruit et le ch\u00eane et \u00e0 travers lequel se mesure la pertinence du travail men\u00e9 avec les lies et son vieillissement en f\u00fbt. Un vin qui monte toujours sur les podiums des grands vins espagnols.<\/p>\n<h2>Suggestion d\u2019accompagnement<\/h2>\n<p>L\u2019ENATE Chardonnay Fermentado en Barrica est l\u2019accord parfait des poissons gras tels que le saumon laqu\u00e9 \u00e0 la sauce soja ou les viandes blanches. \u00c9galement pour des mets fum\u00e9es et \u00e9pic\u00e9s comme un riz saut\u00e9 au curry et crevettes ou fromages de caract\u00e8re et desserts tels que la tarte tatin aux pommes et noix.<\/p>\n<h2>\u00c9tiquette<\/h2>\n<p>Peinture originale pour ENATE de Antonio Saura.<\/p>\n","protected":false},"excerpt":{"rendered":"<ul>\n<li>No se vende individualmente.<\/li>\n<li>La cantidad m\u00ednima son 3 botellas o m\u00faltiplos de 3.<\/li>\n<li>El precio dado corresponde a una botella.<\/li>\n<\/ul>\n<p>&#8230;<\/p>\n","protected":false},"featured_media":2804,"template":"","meta":{"_crdt_document":""},"product_brand":[],"product_cat":[23],"product_tag":[],"class_list":{"0":"post-1871","1":"product","2":"type-product","3":"status-publish","4":"has-post-thumbnail","6":"product_cat-blanco","8":"first","9":"instock","10":"taxable","11":"shipping-taxable","12":"purchasable","13":"product-type-simple"},"bundled_by":[],"bundle_stock_status":"instock","bundle_stock_quantity":null,"bundle_virtual":false,"bundle_layout":"","bundle_add_to_cart_form_location":"","bundle_editable_in_cart":false,"bundle_sold_individually_context":"","bundle_item_grouping":"","bundle_min_size":"","bundle_max_size":"","bundle_price":[],"bundled_items":[],"bundle_sell_ids":[],"exclude_global_add_ons":[],"addons":[],"_links":{"self":[{"href":"https:\/\/www.enate.es\/fr\/wp-json\/wp\/v2\/product\/1871","targetHints":{"allow":["GET"]}}],"collection":[{"href":"https:\/\/www.enate.es\/fr\/wp-json\/wp\/v2\/product"}],"about":[{"href":"https:\/\/www.enate.es\/fr\/wp-json\/wp\/v2\/types\/product"}],"version-history":[{"count":1,"href":"https:\/\/www.enate.es\/fr\/wp-json\/wp\/v2\/product\/1871\/revisions"}],"predecessor-version":[{"id":5948,"href":"https:\/\/www.enate.es\/fr\/wp-json\/wp\/v2\/product\/1871\/revisions\/5948"}],"wp:featuredmedia":[{"embeddable":true,"href":"https:\/\/www.enate.es\/fr\/wp-json\/wp\/v2\/media\/2804"}],"wp:attachment":[{"href":"https:\/\/www.enate.es\/fr\/wp-json\/wp\/v2\/media?parent=1871"}],"wp:term":[{"taxonomy":"product_brand","embeddable":true,"href":"https:\/\/www.enate.es\/fr\/wp-json\/wp\/v2\/product_brand?post=1871"},{"taxonomy":"product_cat","embeddable":true,"href":"https:\/\/www.enate.es\/fr\/wp-json\/wp\/v2\/product_cat?post=1871"},{"taxonomy":"product_tag","embeddable":true,"href":"https:\/\/www.enate.es\/fr\/wp-json\/wp\/v2\/product_tag?post=1871"}],"curies":[{"name":"wp","href":"https:\/\/api.w.org\/{rel}","templated":true}]}}