{"id":1870,"date":"2020-11-09T23:43:49","date_gmt":"2020-11-09T22:43:49","guid":{"rendered":"https:\/\/www.enate.es\/fr\/?post_type=product&#038;p=1870"},"modified":"2024-11-04T13:44:33","modified_gmt":"2024-11-04T12:44:33","slug":"merlot-merlot","status":"publish","type":"product","link":"https:\/\/www.enate.es\/fr\/boutique\/merlot-merlot\/","title":{"rendered":"Merlot-Merlot"},"content":{"rendered":"<h2>C\u00e9page<\/h2>\n<p>Merlot.<\/p>\n<h2>Impressions du chef de cave<\/h2>\n<p>Nous sommes en pr\u00e9sence d\u2019un vin exub\u00e9rant et qui \u00e9veille imm\u00e9diatement les sens. La force de son nom fait \u00e9cho \u00e0 la puissance qu\u2019il d\u00e9gage en bouche. Sans aucun doute, le vin qui nous a permis de devenir adultes en tant que producteurs de vin rouge.<\/p>\n<h2>Suggestion d\u2019accompagnement<\/h2>\n<p>Il peut ainsi rehausser les gibiers, les plats mijot\u00e9s comme des boulettes de porc ib\u00e9rique \u00e0 la sauce espagnole, ou les viandes tels que le steak hach\u00e9 Angus au bleu Stilton et oignons caram\u00e9lis\u00e9es.<\/p>\n<h2>\u00c9tiquette<\/h2>\n<p>Peinture originale pour ENATE de Frederic Amat.<\/p>\n","protected":false},"excerpt":{"rendered":"<ul>\n<li>No se vende individualmente.<\/li>\n<li>La cantidad m\u00ednima son 3 botellas o m\u00faltiplos de 3.<\/li>\n<li>El precio dado corresponde a una botella.<\/li>\n<\/ul>\n<p>&#8230;<\/p>\n","protected":false},"featured_media":6122,"template":"","meta":{"_crdt_document":""},"product_brand":[],"product_cat":[25],"product_tag":[],"class_list":{"0":"post-1870","1":"product","2":"type-product","3":"status-publish","4":"has-post-thumbnail","6":"product_cat-tinto","8":"first","9":"instock","10":"taxable","11":"shipping-taxable","12":"purchasable","13":"product-type-simple"},"bundled_by":[],"bundle_stock_status":"instock","bundle_stock_quantity":null,"bundle_virtual":false,"bundle_layout":"","bundle_add_to_cart_form_location":"","bundle_editable_in_cart":false,"bundle_sold_individually_context":"","bundle_item_grouping":"","bundle_min_size":"","bundle_max_size":"","bundle_price":[],"bundled_items":[],"bundle_sell_ids":[],"exclude_global_add_ons":[],"addons":[],"_links":{"self":[{"href":"https:\/\/www.enate.es\/fr\/wp-json\/wp\/v2\/product\/1870","targetHints":{"allow":["GET"]}}],"collection":[{"href":"https:\/\/www.enate.es\/fr\/wp-json\/wp\/v2\/product"}],"about":[{"href":"https:\/\/www.enate.es\/fr\/wp-json\/wp\/v2\/types\/product"}],"version-history":[{"count":5,"href":"https:\/\/www.enate.es\/fr\/wp-json\/wp\/v2\/product\/1870\/revisions"}],"predecessor-version":[{"id":5955,"href":"https:\/\/www.enate.es\/fr\/wp-json\/wp\/v2\/product\/1870\/revisions\/5955"}],"wp:featuredmedia":[{"embeddable":true,"href":"https:\/\/www.enate.es\/fr\/wp-json\/wp\/v2\/media\/6122"}],"wp:attachment":[{"href":"https:\/\/www.enate.es\/fr\/wp-json\/wp\/v2\/media?parent=1870"}],"wp:term":[{"taxonomy":"product_brand","embeddable":true,"href":"https:\/\/www.enate.es\/fr\/wp-json\/wp\/v2\/product_brand?post=1870"},{"taxonomy":"product_cat","embeddable":true,"href":"https:\/\/www.enate.es\/fr\/wp-json\/wp\/v2\/product_cat?post=1870"},{"taxonomy":"product_tag","embeddable":true,"href":"https:\/\/www.enate.es\/fr\/wp-json\/wp\/v2\/product_tag?post=1870"}],"curies":[{"name":"wp","href":"https:\/\/api.w.org\/{rel}","templated":true}]}}