{"id":1869,"date":"2020-11-10T23:43:23","date_gmt":"2020-11-10T22:43:23","guid":{"rendered":"https:\/\/www.enate.es\/fr\/?post_type=product&#038;p=1869"},"modified":"2023-04-12T09:55:00","modified_gmt":"2023-04-12T07:55:00","slug":"cabernet-cabernet","status":"publish","type":"product","link":"https:\/\/www.enate.es\/fr\/boutique\/cabernet-cabernet\/","title":{"rendered":"Cabernet-Cabernet"},"content":{"rendered":"<h2>C\u00e9page<\/h2>\n<p>Cabernet sauvignon.<\/p>\n<h2>Impressions du chef de cave<\/h2>\n<p>Ce vin est issu de la fusion des meilleurs cabernets de nos vignes. Sa touche \u00e0 la fois s\u00e9rieuse et atlantique se combine avec son caract\u00e8re plus m\u00e9diterran\u00e9en, gourmand et flatteur, ce qui confirme l\u2019id\u00e9e que le Somontano abrite de grands cabernets, \u00e9l\u00e9gants et touchants.<\/p>\n<h2>Suggestion d\u2019accompagnement<\/h2>\n<p>Id\u00e9al avec les mets fum\u00e9s, rago\u00fbts et les viandes rouges. \u00c9galement avec des plats savoureux tels que des escargots \u00e0 la catalane ou la moussaka v\u00e9g\u00e9tarienne.<\/p>\n<h2>\u00c9tiquette<\/h2>\n<p>Peinture originale pour ENATE de Erwin Bechtold.<\/p>\n","protected":false},"excerpt":{"rendered":"<ul>\n<li>No se vende individualmente.<\/li>\n<li>La cantidad m\u00ednima son 3 botellas o m\u00faltiplos de 3.<\/li>\n<li>El precio dado corresponde a una botella.<\/li>\n<\/ul>\n<p>&#8230;<\/p>\n","protected":false},"featured_media":2801,"template":"","meta":{"_crdt_document":""},"product_brand":[],"product_cat":[25],"product_tag":[],"class_list":{"0":"post-1869","1":"product","2":"type-product","3":"status-publish","4":"has-post-thumbnail","6":"product_cat-tinto","8":"first","9":"instock","10":"taxable","11":"shipping-taxable","12":"purchasable","13":"product-type-simple"},"bundled_by":[],"bundle_stock_status":"instock","bundle_stock_quantity":null,"bundle_virtual":false,"bundle_layout":"","bundle_add_to_cart_form_location":"","bundle_editable_in_cart":false,"bundle_sold_individually_context":"","bundle_item_grouping":"","bundle_min_size":"","bundle_max_size":"","bundle_price":[],"bundled_items":[],"bundle_sell_ids":[],"exclude_global_add_ons":[],"addons":[],"_links":{"self":[{"href":"https:\/\/www.enate.es\/fr\/wp-json\/wp\/v2\/product\/1869","targetHints":{"allow":["GET"]}}],"collection":[{"href":"https:\/\/www.enate.es\/fr\/wp-json\/wp\/v2\/product"}],"about":[{"href":"https:\/\/www.enate.es\/fr\/wp-json\/wp\/v2\/types\/product"}],"version-history":[{"count":5,"href":"https:\/\/www.enate.es\/fr\/wp-json\/wp\/v2\/product\/1869\/revisions"}],"predecessor-version":[{"id":5957,"href":"https:\/\/www.enate.es\/fr\/wp-json\/wp\/v2\/product\/1869\/revisions\/5957"}],"wp:featuredmedia":[{"embeddable":true,"href":"https:\/\/www.enate.es\/fr\/wp-json\/wp\/v2\/media\/2801"}],"wp:attachment":[{"href":"https:\/\/www.enate.es\/fr\/wp-json\/wp\/v2\/media?parent=1869"}],"wp:term":[{"taxonomy":"product_brand","embeddable":true,"href":"https:\/\/www.enate.es\/fr\/wp-json\/wp\/v2\/product_brand?post=1869"},{"taxonomy":"product_cat","embeddable":true,"href":"https:\/\/www.enate.es\/fr\/wp-json\/wp\/v2\/product_cat?post=1869"},{"taxonomy":"product_tag","embeddable":true,"href":"https:\/\/www.enate.es\/fr\/wp-json\/wp\/v2\/product_tag?post=1869"}],"curies":[{"name":"wp","href":"https:\/\/api.w.org\/{rel}","templated":true}]}}