{"id":1868,"date":"2020-11-09T23:42:18","date_gmt":"2020-11-09T22:42:18","guid":{"rendered":"https:\/\/www.enate.es\/fr\/?post_type=product&#038;p=1868"},"modified":"2023-04-12T09:51:56","modified_gmt":"2023-04-12T07:51:56","slug":"crianza","status":"publish","type":"product","link":"https:\/\/www.enate.es\/fr\/boutique\/crianza\/","title":{"rendered":"Crianza"},"content":{"rendered":"<h2>C\u00e9page<\/h2>\n<p>Tempranillo et cabernet sauvignon.<\/p>\n<h2>Impressions du chef de cave<\/h2>\n<p>C\u2019est le vin de notre gamme qui a le caract\u00e8re ib\u00e9rique le plus prononc\u00e9 car le tempranillo est \u00e0 la base de son coupage. D\u2019autre part, le cabernet sauvignon contribue \u00e0 renforcer sa structure. Il s\u2019agit d\u2019un vin flatteur, riche en nuances et qui sait combiner avec habilet\u00e9 puissance et d\u00e9licatesse.<\/p>\n<h2>Suggestion d\u2019accompagnement<\/h2>\n<p>Rehausse les plats fum\u00e9es, les viandes tels que l\u2019entrec\u00f4te grill\u00e9 au feu du bois ou des c\u00f4telettes de porc au four marin\u00e9es au clou de girofle, les rago\u00fbts et les fromages.<\/p>\n<h2>\u00c9tiquette<\/h2>\n<p>Peinture originale pour ENATE de V\u00edctor Mira.<\/p>\n","protected":false},"excerpt":{"rendered":"<ul>\n<li>No se vende individualmente.<\/li>\n<li>La cantidad m\u00ednima son 6 botellas o m\u00faltiplos de 6.<\/li>\n<li>El precio dado corresponde a una botella.<\/li>\n<\/ul>\n<p>&#8230;<\/p>\n","protected":false},"featured_media":2803,"template":"","meta":{"_crdt_document":""},"product_brand":[],"product_cat":[25],"product_tag":[],"class_list":{"0":"post-1868","1":"product","2":"type-product","3":"status-publish","4":"has-post-thumbnail","6":"product_cat-tinto","8":"first","9":"instock","10":"taxable","11":"shipping-taxable","12":"purchasable","13":"product-type-simple"},"bundled_by":[],"bundle_stock_status":"instock","bundle_stock_quantity":null,"bundle_virtual":false,"bundle_layout":"","bundle_add_to_cart_form_location":"","bundle_editable_in_cart":false,"bundle_sold_individually_context":"","bundle_item_grouping":"","bundle_min_size":"","bundle_max_size":"","bundle_price":[],"bundled_items":[],"bundle_sell_ids":[],"exclude_global_add_ons":[],"addons":[],"_links":{"self":[{"href":"https:\/\/www.enate.es\/fr\/wp-json\/wp\/v2\/product\/1868","targetHints":{"allow":["GET"]}}],"collection":[{"href":"https:\/\/www.enate.es\/fr\/wp-json\/wp\/v2\/product"}],"about":[{"href":"https:\/\/www.enate.es\/fr\/wp-json\/wp\/v2\/types\/product"}],"version-history":[{"count":4,"href":"https:\/\/www.enate.es\/fr\/wp-json\/wp\/v2\/product\/1868\/revisions"}],"predecessor-version":[{"id":5953,"href":"https:\/\/www.enate.es\/fr\/wp-json\/wp\/v2\/product\/1868\/revisions\/5953"}],"wp:featuredmedia":[{"embeddable":true,"href":"https:\/\/www.enate.es\/fr\/wp-json\/wp\/v2\/media\/2803"}],"wp:attachment":[{"href":"https:\/\/www.enate.es\/fr\/wp-json\/wp\/v2\/media?parent=1868"}],"wp:term":[{"taxonomy":"product_brand","embeddable":true,"href":"https:\/\/www.enate.es\/fr\/wp-json\/wp\/v2\/product_brand?post=1868"},{"taxonomy":"product_cat","embeddable":true,"href":"https:\/\/www.enate.es\/fr\/wp-json\/wp\/v2\/product_cat?post=1868"},{"taxonomy":"product_tag","embeddable":true,"href":"https:\/\/www.enate.es\/fr\/wp-json\/wp\/v2\/product_tag?post=1868"}],"curies":[{"name":"wp","href":"https:\/\/api.w.org\/{rel}","templated":true}]}}