{"id":1867,"date":"2020-11-09T23:41:24","date_gmt":"2020-11-09T22:41:24","guid":{"rendered":"https:\/\/www.enate.es\/fr\/?post_type=product&#038;p=1867"},"modified":"2023-04-12T09:48:22","modified_gmt":"2023-04-12T07:48:22","slug":"gewurztraminer","status":"publish","type":"product","link":"https:\/\/www.enate.es\/fr\/boutique\/gewurztraminer\/","title":{"rendered":"Gew\u00fcrztraminer"},"content":{"rendered":"<h2>C\u00e9page<\/h2>\n<p>Gew\u00fcrztraminer.<\/p>\n<h2>Impressions du chef de cave<\/h2>\n<p>Une v\u00e9ritable symphonie florale avec une magnifique \u00e9volution en bouteille qui lui permet de prolonger significativement la dur\u00e9e de vie tellement mieux que des autres vins blancs. Gard\u00e9 dans des conditions optimales est capable de pr\u00e9server son \u00e9clat et sa gamme aromatique devienne de plus en plus complexe.<\/p>\n<h2>Suggestion d\u2019accompagnement<\/h2>\n<p>Id\u00e9al pour une d\u00e9gustation en terrasse pendant l\u2019\u00e9t\u00e9 ou pour accompagner un plat de cuisine orientale. Aussi, pour des hu\u00eetres aux citron vert, poulet moelleux aux citrons ou rago\u00fbt d\u2019agneau aux pommes de terre et romarin.<\/p>\n<h2>\u00c9tiquette<\/h2>\n<p>Peinture originale pour ENATE de Vicente Badenes.<\/p>\n","protected":false},"excerpt":{"rendered":"<ul>\n<li>No se vende individualmente.<\/li>\n<li>La cantidad m\u00ednima son 6 botellas o m\u00faltiplos de 6.<\/li>\n<li>El precio dado corresponde a una botella.<\/li>\n<li><\/li>\n<li>Adem\u00e1s de poder comprar la \u00faltima a\u00f1ada, la <strong>2019<\/strong>, tiene la opci\u00f3n de escoger una de nuestras anteriores a\u00f1adas excelentes, la <strong>2017<\/strong>. Elija en el desplegable la a\u00f1ada.<\/li>\n<\/ul>\n<p>&#8230;<\/p>\n","protected":false},"featured_media":2805,"template":"","meta":{"_crdt_document":""},"product_brand":[],"product_cat":[23],"product_tag":[],"class_list":{"0":"post-1867","1":"product","2":"type-product","3":"status-publish","4":"has-post-thumbnail","6":"product_cat-blanco","8":"first","9":"instock","10":"taxable","11":"shipping-taxable","12":"purchasable","13":"product-type-variable","14":"has-default-attributes"},"bundled_by":[],"bundle_stock_status":"instock","bundle_stock_quantity":null,"bundle_virtual":false,"bundle_layout":"","bundle_add_to_cart_form_location":"","bundle_editable_in_cart":false,"bundle_sold_individually_context":"","bundle_item_grouping":"","bundle_min_size":"","bundle_max_size":"","bundle_price":[],"bundled_items":[],"bundle_sell_ids":[],"exclude_global_add_ons":[],"addons":[],"_links":{"self":[{"href":"https:\/\/www.enate.es\/fr\/wp-json\/wp\/v2\/product\/1867","targetHints":{"allow":["GET"]}}],"collection":[{"href":"https:\/\/www.enate.es\/fr\/wp-json\/wp\/v2\/product"}],"about":[{"href":"https:\/\/www.enate.es\/fr\/wp-json\/wp\/v2\/types\/product"}],"version-history":[{"count":3,"href":"https:\/\/www.enate.es\/fr\/wp-json\/wp\/v2\/product\/1867\/revisions"}],"predecessor-version":[{"id":5949,"href":"https:\/\/www.enate.es\/fr\/wp-json\/wp\/v2\/product\/1867\/revisions\/5949"}],"wp:featuredmedia":[{"embeddable":true,"href":"https:\/\/www.enate.es\/fr\/wp-json\/wp\/v2\/media\/2805"}],"wp:attachment":[{"href":"https:\/\/www.enate.es\/fr\/wp-json\/wp\/v2\/media?parent=1867"}],"wp:term":[{"taxonomy":"product_brand","embeddable":true,"href":"https:\/\/www.enate.es\/fr\/wp-json\/wp\/v2\/product_brand?post=1867"},{"taxonomy":"product_cat","embeddable":true,"href":"https:\/\/www.enate.es\/fr\/wp-json\/wp\/v2\/product_cat?post=1867"},{"taxonomy":"product_tag","embeddable":true,"href":"https:\/\/www.enate.es\/fr\/wp-json\/wp\/v2\/product_tag?post=1867"}],"curies":[{"name":"wp","href":"https:\/\/api.w.org\/{rel}","templated":true}]}}