{"id":1865,"date":"2020-11-09T23:39:58","date_gmt":"2020-11-09T22:39:58","guid":{"rendered":"https:\/\/www.enate.es\/fr\/?post_type=product&#038;p=1865"},"modified":"2023-04-12T09:50:11","modified_gmt":"2023-04-12T07:50:11","slug":"rosado","status":"publish","type":"product","link":"https:\/\/www.enate.es\/fr\/boutique\/rosado\/","title":{"rendered":"Rosado"},"content":{"rendered":"<h2>C\u00e9page<\/h2>\n<p>Cabernet sauvignon.<\/p>\n<h2>Impressions du chef de cave<\/h2>\n<p>Il s\u2019agit d\u2019un vin avec l\u2019\u00e2me d\u2019un vin blanc et le corps d\u2019un rouge cr\u00e9\u00e9 pour jouer et gagner la ligue des champions.<\/p>\n<h2>Suggestion d\u2019accompagnement<\/h2>\n<p>Parfait pour des ap\u00e9ros, ENATE Rosado est le compagnon id\u00e9al pour des canap\u00e9s avec saumon fum\u00e9e et aneth ou des fromages \u00e0 p\u00e2te molle comme le Brie avec confiture de tomate. Il rehausse aussi des plats informels et assez rapide \u00e0 pr\u00e9parer comme la pizza margherita.<\/p>\n<h2>\u00c9tiquette<\/h2>\n<p>Peinture originale pour ENATE de V\u00edctor Mira.<\/p>\n","protected":false},"excerpt":{"rendered":"<ul>\n<li>No se vende individualmente.<\/li>\n<li>La cantidad m\u00ednima son 6 botellas o m\u00faltiplos de 6.<\/li>\n<li>El precio dado corresponde a una botella.<\/li>\n<\/ul>\n<p>&#8230;<\/p>\n","protected":false},"featured_media":2795,"template":"","meta":{"_crdt_document":""},"product_brand":[],"product_cat":[24],"product_tag":[],"class_list":{"0":"post-1865","1":"product","2":"type-product","3":"status-publish","4":"has-post-thumbnail","6":"product_cat-rosado","8":"first","9":"instock","10":"sale","11":"taxable","12":"shipping-taxable","13":"purchasable","14":"product-type-simple"},"bundled_by":[],"bundle_stock_status":"instock","bundle_stock_quantity":null,"bundle_virtual":false,"bundle_layout":"","bundle_add_to_cart_form_location":"","bundle_editable_in_cart":false,"bundle_sold_individually_context":"","bundle_item_grouping":"","bundle_min_size":"","bundle_max_size":"","bundle_price":[],"bundled_items":[],"bundle_sell_ids":[],"exclude_global_add_ons":[],"addons":[],"_links":{"self":[{"href":"https:\/\/www.enate.es\/fr\/wp-json\/wp\/v2\/product\/1865","targetHints":{"allow":["GET"]}}],"collection":[{"href":"https:\/\/www.enate.es\/fr\/wp-json\/wp\/v2\/product"}],"about":[{"href":"https:\/\/www.enate.es\/fr\/wp-json\/wp\/v2\/types\/product"}],"version-history":[{"count":2,"href":"https:\/\/www.enate.es\/fr\/wp-json\/wp\/v2\/product\/1865\/revisions"}],"predecessor-version":[{"id":5951,"href":"https:\/\/www.enate.es\/fr\/wp-json\/wp\/v2\/product\/1865\/revisions\/5951"}],"wp:featuredmedia":[{"embeddable":true,"href":"https:\/\/www.enate.es\/fr\/wp-json\/wp\/v2\/media\/2795"}],"wp:attachment":[{"href":"https:\/\/www.enate.es\/fr\/wp-json\/wp\/v2\/media?parent=1865"}],"wp:term":[{"taxonomy":"product_brand","embeddable":true,"href":"https:\/\/www.enate.es\/fr\/wp-json\/wp\/v2\/product_brand?post=1865"},{"taxonomy":"product_cat","embeddable":true,"href":"https:\/\/www.enate.es\/fr\/wp-json\/wp\/v2\/product_cat?post=1865"},{"taxonomy":"product_tag","embeddable":true,"href":"https:\/\/www.enate.es\/fr\/wp-json\/wp\/v2\/product_tag?post=1865"}],"curies":[{"name":"wp","href":"https:\/\/api.w.org\/{rel}","templated":true}]}}