{"id":1864,"date":"2020-11-09T23:39:13","date_gmt":"2020-11-09T22:39:13","guid":{"rendered":"https:\/\/www.enate.es\/fr\/?post_type=product&#038;p=1864"},"modified":"2023-04-12T09:51:22","modified_gmt":"2023-04-12T07:51:22","slug":"cabernet-merlot","status":"publish","type":"product","link":"https:\/\/www.enate.es\/fr\/boutique\/cabernet-merlot\/","title":{"rendered":"Cabernet-Merlot"},"content":{"rendered":"<h2>C\u00e9page<\/h2>\n<p>Cabernet sauvignon et merlot.<\/p>\n<h2>Impressions du chef de cave<\/h2>\n<p>Un vin au caract\u00e8re cosmopolite et facile \u00e0 boire. Domine le caract\u00e8re vari\u00e9tal accompagn\u00e9 d\u2019ar\u00f4me aux notes tertiaires provenant de l\u2019\u00e9levage en f\u00fbt et de tannins velout\u00e9s qui en font un v\u00e9ritable vin pour tous les publics.<\/p>\n<h2>Suggestion d\u2019accompagnement<\/h2>\n<p>L\u2019ENATE Cabernet- Merlot permet de nombreuses associations avec les r\u00f4tis, les viandes et les fromages. Aussi avec les poissons en sauce, poulpe avec un \u00e9cras\u00e9 de pommes de terre \u00e0 la pointe de piment doux ou raviolis d\u2019aubergine et tomate avec basilic et huile d\u2019olive.<\/p>\n<h2>\u00c9tiquette<\/h2>\n<p>Peinture originale pour ENATE de Carrera Blecua.<\/p>\n","protected":false},"excerpt":{"rendered":"<ul>\n<li>No se vende individualmente.<\/li>\n<li>La cantidad m\u00ednima son 6 botellas o m\u00faltiplos de 6.<\/li>\n<li>El precio dado corresponde a una botella.<\/li>\n<\/ul>\n<p>&#8230;<\/p>\n","protected":false},"featured_media":2802,"template":"","meta":{"_crdt_document":""},"product_brand":[],"product_cat":[25],"product_tag":[],"class_list":{"0":"post-1864","1":"product","2":"type-product","3":"status-publish","4":"has-post-thumbnail","6":"product_cat-tinto","8":"first","9":"instock","10":"taxable","11":"shipping-taxable","12":"purchasable","13":"product-type-simple"},"bundled_by":[],"bundle_stock_status":"instock","bundle_stock_quantity":null,"bundle_virtual":false,"bundle_layout":"","bundle_add_to_cart_form_location":"","bundle_editable_in_cart":false,"bundle_sold_individually_context":"","bundle_item_grouping":"","bundle_min_size":"","bundle_max_size":"","bundle_price":[],"bundled_items":[],"bundle_sell_ids":[],"exclude_global_add_ons":[],"addons":[],"_links":{"self":[{"href":"https:\/\/www.enate.es\/fr\/wp-json\/wp\/v2\/product\/1864","targetHints":{"allow":["GET"]}}],"collection":[{"href":"https:\/\/www.enate.es\/fr\/wp-json\/wp\/v2\/product"}],"about":[{"href":"https:\/\/www.enate.es\/fr\/wp-json\/wp\/v2\/types\/product"}],"version-history":[{"count":2,"href":"https:\/\/www.enate.es\/fr\/wp-json\/wp\/v2\/product\/1864\/revisions"}],"predecessor-version":[{"id":5952,"href":"https:\/\/www.enate.es\/fr\/wp-json\/wp\/v2\/product\/1864\/revisions\/5952"}],"wp:featuredmedia":[{"embeddable":true,"href":"https:\/\/www.enate.es\/fr\/wp-json\/wp\/v2\/media\/2802"}],"wp:attachment":[{"href":"https:\/\/www.enate.es\/fr\/wp-json\/wp\/v2\/media?parent=1864"}],"wp:term":[{"taxonomy":"product_brand","embeddable":true,"href":"https:\/\/www.enate.es\/fr\/wp-json\/wp\/v2\/product_brand?post=1864"},{"taxonomy":"product_cat","embeddable":true,"href":"https:\/\/www.enate.es\/fr\/wp-json\/wp\/v2\/product_cat?post=1864"},{"taxonomy":"product_tag","embeddable":true,"href":"https:\/\/www.enate.es\/fr\/wp-json\/wp\/v2\/product_tag?post=1864"}],"curies":[{"name":"wp","href":"https:\/\/api.w.org\/{rel}","templated":true}]}}