{"id":1863,"date":"2020-11-09T23:38:14","date_gmt":"2020-11-09T22:38:14","guid":{"rendered":"https:\/\/www.enate.es\/fr\/?post_type=product&#038;p=1863"},"modified":"2023-04-12T09:57:04","modified_gmt":"2023-04-12T07:57:04","slug":"uno-tinto","status":"publish","type":"product","link":"https:\/\/www.enate.es\/fr\/boutique\/uno-tinto\/","title":{"rendered":"UNO Tinto"},"content":{"rendered":"<h2>C\u00e9page<\/h2>\n<p>Cabernet sauvignon et syrah.<\/p>\n<h2>Impressions du chef de cave<\/h2>\n<p>Le vin rouge avec le plus d\u2019entit\u00e9 et d\u2019exclusivit\u00e9 d\u2019ENATE. Le processus de s\u00e9lection, aussi bien au vignoble que dans la cave, permets que la production de ce vin soit tr\u00e8s limit\u00e9e et qu\u2019il y ait peu de mill\u00e9simes avec autant d\u2019\u00e9l\u00e9gance et de concentration \u00e0 la fois.<\/p>\n<h2>Suggestion d\u2019accompagnement<\/h2>\n<p>Ideal pour un gigot d&rsquo;agneau au four et pommes de terre saut\u00e9es ou c\u00f4te de b\u0153uf r\u00f4tie.<\/p>\n<h2>\u00c9tiquette<\/h2>\n<p>Peinture originale pour ENATE de Erwin Bechtold.<\/p>\n","protected":false},"excerpt":{"rendered":"<p>El precio dado corresponde a una botella&#8230;.<\/p>\n","protected":false},"featured_media":2798,"template":"","meta":{"_crdt_document":""},"product_brand":[],"product_cat":[25],"product_tag":[],"class_list":{"0":"post-1863","1":"product","2":"type-product","3":"status-publish","4":"has-post-thumbnail","6":"product_cat-tinto","8":"first","9":"instock","10":"taxable","11":"shipping-taxable","12":"purchasable","13":"product-type-simple"},"bundled_by":[],"bundle_stock_status":"instock","bundle_stock_quantity":null,"bundle_virtual":false,"bundle_layout":"","bundle_add_to_cart_form_location":"","bundle_editable_in_cart":false,"bundle_sold_individually_context":"","bundle_item_grouping":"","bundle_min_size":"","bundle_max_size":"","bundle_price":[],"bundled_items":[],"bundle_sell_ids":[],"exclude_global_add_ons":[],"addons":[],"_links":{"self":[{"href":"https:\/\/www.enate.es\/fr\/wp-json\/wp\/v2\/product\/1863","targetHints":{"allow":["GET"]}}],"collection":[{"href":"https:\/\/www.enate.es\/fr\/wp-json\/wp\/v2\/product"}],"about":[{"href":"https:\/\/www.enate.es\/fr\/wp-json\/wp\/v2\/types\/product"}],"version-history":[{"count":3,"href":"https:\/\/www.enate.es\/fr\/wp-json\/wp\/v2\/product\/1863\/revisions"}],"predecessor-version":[{"id":5962,"href":"https:\/\/www.enate.es\/fr\/wp-json\/wp\/v2\/product\/1863\/revisions\/5962"}],"wp:featuredmedia":[{"embeddable":true,"href":"https:\/\/www.enate.es\/fr\/wp-json\/wp\/v2\/media\/2798"}],"wp:attachment":[{"href":"https:\/\/www.enate.es\/fr\/wp-json\/wp\/v2\/media?parent=1863"}],"wp:term":[{"taxonomy":"product_brand","embeddable":true,"href":"https:\/\/www.enate.es\/fr\/wp-json\/wp\/v2\/product_brand?post=1863"},{"taxonomy":"product_cat","embeddable":true,"href":"https:\/\/www.enate.es\/fr\/wp-json\/wp\/v2\/product_cat?post=1863"},{"taxonomy":"product_tag","embeddable":true,"href":"https:\/\/www.enate.es\/fr\/wp-json\/wp\/v2\/product_tag?post=1863"}],"curies":[{"name":"wp","href":"https:\/\/api.w.org\/{rel}","templated":true}]}}