{"id":6096,"date":"2024-10-25T11:59:06","date_gmt":"2024-10-25T09:59:06","guid":{"rendered":"https:\/\/www.enate.es\/fr\/?page_id=6096"},"modified":"2024-10-25T12:22:18","modified_gmt":"2024-10-25T10:22:18","slug":"projet-deconomie-circulaire-2024-2029","status":"publish","type":"page","link":"https:\/\/www.enate.es\/fr\/projet-deconomie-circulaire-2024-2029\/","title":{"rendered":"Projet d&rsquo;\u00c9conomie Circulaire 2024-2029"},"content":{"rendered":"\t\t<div data-elementor-type=\"wp-page\" data-elementor-id=\"6096\" class=\"elementor elementor-6096\" data-elementor-post-type=\"page\">\n\t\t\t\t\t\t<section class=\"elementor-section elementor-top-section elementor-element elementor-element-4ee8622 elementor-section-full_width elementor-section-height-full elementor-section-content-middle elementor-section-height-default elementor-section-items-middle\" data-id=\"4ee8622\" data-element_type=\"section\" data-e-type=\"section\">\n\t\t\t\t\t\t<div class=\"elementor-container elementor-column-gap-default\">\n\t\t\t\t\t<div class=\"elementor-column elementor-col-50 elementor-top-column elementor-element elementor-element-5b0ffa5\" data-id=\"5b0ffa5\" data-element_type=\"column\" data-e-type=\"column\">\n\t\t\t<div class=\"elementor-widget-wrap elementor-element-populated\">\n\t\t\t\t\t\t<div class=\"elementor-element elementor-element-29c08a7 elementor-widget elementor-widget-heading\" data-id=\"29c08a7\" data-element_type=\"widget\" data-e-type=\"widget\" data-widget_type=\"heading.default\">\n\t\t\t\t<div class=\"elementor-widget-container\">\n\t\t\t\t\t<h1 class=\"elementor-heading-title elementor-size-default\">Aide \u00e0 l'Investissement dans l'\u00c9conomie Circulaire<\/h1>\t\t\t\t<\/div>\n\t\t\t\t<\/div>\n\t\t\t\t<div class=\"elementor-element elementor-element-46361a6 elementor-widget elementor-widget-text-editor\" data-id=\"46361a6\" data-element_type=\"widget\" data-e-type=\"widget\" data-widget_type=\"text-editor.default\">\n\t\t\t\t<div class=\"elementor-widget-container\">\n\t\t\t\t\t\t\t\t\t<p>La Bodega ENATE a entrepris en 2024 un projet d&rsquo;investissement en \u00e9conomie circulaire dans le processus de production, visant \u00e0 favoriser la transition vers une \u00e9conomie circulaire et une utilisation efficace des ressources. Ce projet a \u00e9t\u00e9 financ\u00e9 par l&rsquo;Union europ\u00e9enne et le Gouvernement d&rsquo;Aragon.<\/p>\t\t\t\t\t\t\t\t<\/div>\n\t\t\t\t<\/div>\n\t\t\t\t<div class=\"elementor-element elementor-element-b92711a elementor-widget elementor-widget-image\" data-id=\"b92711a\" data-element_type=\"widget\" data-e-type=\"widget\" data-widget_type=\"image.default\">\n\t\t\t\t<div class=\"elementor-widget-container\">\n\t\t\t\t\t\t\t\t\t\t\t\t\t\t\t<img fetchpriority=\"high\" decoding=\"async\" width=\"1700\" height=\"130\" src=\"https:\/\/www.enate.es\/fr\/wp-content\/uploads\/sites\/5\/2024\/10\/logos_subvencion.webp\" class=\"attachment-medium size-medium wp-image-6113\" alt=\"\" srcset=\"https:\/\/www.enate.es\/fr\/wp-content\/uploads\/sites\/5\/2024\/10\/logos_subvencion.webp 1700w, https:\/\/www.enate.es\/fr\/wp-content\/uploads\/sites\/5\/2024\/10\/logos_subvencion-768x59.webp 768w, https:\/\/www.enate.es\/fr\/wp-content\/uploads\/sites\/5\/2024\/10\/logos_subvencion-1536x117.webp 1536w, https:\/\/www.enate.es\/fr\/wp-content\/uploads\/sites\/5\/2024\/10\/logos_subvencion-220x17.webp 220w\" sizes=\"(max-width: 1700px) 100vw, 1700px\" \/>\t\t\t\t\t\t\t\t\t\t\t\t\t\t\t<\/div>\n\t\t\t\t<\/div>\n\t\t\t\t\t<\/div>\n\t\t<\/div>\n\t\t\t\t<div class=\"elementor-column elementor-col-50 elementor-top-column elementor-element elementor-element-38516b8 elementor-hidden-tablet elementor-hidden-phone\" data-id=\"38516b8\" data-element_type=\"column\" data-e-type=\"column\" data-settings=\"{&quot;background_background&quot;:&quot;classic&quot;}\">\n\t\t\t<div class=\"elementor-widget-wrap elementor-element-populated\">\n\t\t\t\t\t\t<div class=\"elementor-element elementor-element-6ab29bd elementor-widget elementor-widget-spacer\" data-id=\"6ab29bd\" data-element_type=\"widget\" data-e-type=\"widget\" data-widget_type=\"spacer.default\">\n\t\t\t\t<div class=\"elementor-widget-container\">\n\t\t\t\t\t\t\t<div class=\"elementor-spacer\">\n\t\t\t<div class=\"elementor-spacer-inner\"><\/div>\n\t\t<\/div>\n\t\t\t\t\t\t<\/div>\n\t\t\t\t<\/div>\n\t\t\t\t\t<\/div>\n\t\t<\/div>\n\t\t\t\t\t<\/div>\n\t\t<\/section>\n\t\t\t\t<\/div>\n\t\t","protected":false},"excerpt":{"rendered":"<p>Aide \u00e0 l&rsquo;Investissement dans l&rsquo;\u00c9conomie Circulaire La Bodega ENATE a entrepris en 2024 un projet d&rsquo;investissement en \u00e9conomie circulaire dans le processus de production, visant \u00e0 favoriser la transition vers une \u00e9conomie circulaire et une utilisation efficace des ressources. Ce projet a \u00e9t\u00e9 financ\u00e9 par l&rsquo;Union europ\u00e9enne et le Gouvernement d&rsquo;Aragon&#8230;.<\/p>\n","protected":false},"author":1,"featured_media":0,"parent":0,"menu_order":0,"comment_status":"closed","ping_status":"closed","template":"elementor_header_footer","meta":{"_crdt_document":"","footnotes":""},"class_list":["post-6096","page","type-page","status-publish","hentry"],"_links":{"self":[{"href":"https:\/\/www.enate.es\/fr\/wp-json\/wp\/v2\/pages\/6096","targetHints":{"allow":["GET"]}}],"collection":[{"href":"https:\/\/www.enate.es\/fr\/wp-json\/wp\/v2\/pages"}],"about":[{"href":"https:\/\/www.enate.es\/fr\/wp-json\/wp\/v2\/types\/page"}],"author":[{"embeddable":true,"href":"https:\/\/www.enate.es\/fr\/wp-json\/wp\/v2\/users\/1"}],"replies":[{"embeddable":true,"href":"https:\/\/www.enate.es\/fr\/wp-json\/wp\/v2\/comments?post=6096"}],"version-history":[{"count":16,"href":"https:\/\/www.enate.es\/fr\/wp-json\/wp\/v2\/pages\/6096\/revisions"}],"predecessor-version":[{"id":6116,"href":"https:\/\/www.enate.es\/fr\/wp-json\/wp\/v2\/pages\/6096\/revisions\/6116"}],"wp:attachment":[{"href":"https:\/\/www.enate.es\/fr\/wp-json\/wp\/v2\/media?parent=6096"}],"curies":[{"name":"wp","href":"https:\/\/api.w.org\/{rel}","templated":true}]}}