{"id":1867,"date":"2020-11-09T23:41:24","date_gmt":"2020-11-09T22:41:24","guid":{"rendered":"https:\/\/www.enate.es\/en\/?post_type=product&#038;p=1867"},"modified":"2026-03-24T14:37:44","modified_gmt":"2026-03-24T13:37:44","slug":"gewurztraminer","status":"publish","type":"product","link":"https:\/\/www.enate.es\/en\/shop\/gewurztraminer\/","title":{"rendered":"Gew\u00fcrztraminer"},"content":{"rendered":"<h2>Variety<\/h2>\n<p>Gew\u00fcrztraminer.<\/p>\n<h2>Winemaker\u2019s impressions<\/h2>\n<p>An authentic floral symphony, with longer life in the bottle than many other white wines. Preserved in suitable conditions, its evolution in bottle is magnificent for several years, its aromatic range is enriched, also gaining in complexity.<\/p>\n<h2>Pairing<\/h2>\n<p>Perfect to enjoy on a summer terrace, with an oriental cuisine dish, natural oysters with lime, tender chicken with lemon, and even a potato and lamb stew infused with rosemary.<\/p>\n<h2>Label<\/h2>\n<p>Specially designed for ENATE by the artist Vicente Badenes<\/p>\n<h2>Data sheet<\/h2>\n<p><a href=\"https:\/\/www.enate.es\/en\/wp-content\/uploads\/sites\/4\/2026\/03\/ENATE-Gewurztraminer_2025_eng.pdf\" target=\"_blank\" rel=\"noopener noreferrer\">ENATE Gew\u00fcrztraminer 2025<\/a><\/p>\n<p>&nbsp;<\/p>\n<p>&nbsp;<\/p>\n","protected":false},"excerpt":{"rendered":"<ul>\n<li>No se vende individualmente.<\/li>\n<li>La cantidad m\u00ednima son 6 botellas o m\u00faltiplos de 6.<\/li>\n<li>El precio dado corresponde a una botella.<\/li>\n<li><\/li>\n<li>Adem\u00e1s de poder comprar la \u00faltima a\u00f1ada, la <strong>2019<\/strong>, tiene la opci\u00f3n de escoger una de nuestras anteriores a\u00f1adas excelentes, la <strong>2017<\/strong>. Elija en el desplegable la a\u00f1ada.<\/li>\n<\/ul>\n<p>&#8230;<\/p>\n","protected":false},"featured_media":2805,"template":"","meta":{"_crdt_document":""},"product_brand":[],"product_cat":[23],"product_tag":[],"class_list":{"0":"post-1867","1":"product","2":"type-product","3":"status-publish","4":"has-post-thumbnail","6":"product_cat-blanco","8":"first","9":"instock","10":"taxable","11":"shipping-taxable","12":"purchasable","13":"product-type-variable","14":"has-default-attributes"},"bundled_by":[],"bundle_stock_status":"instock","bundle_stock_quantity":null,"bundle_virtual":false,"bundle_layout":"","bundle_add_to_cart_form_location":"","bundle_editable_in_cart":false,"bundle_sold_individually_context":"","bundle_item_grouping":"","bundle_min_size":"","bundle_max_size":"","bundle_price":[],"bundled_items":[],"bundle_sell_ids":[],"exclude_global_add_ons":[],"addons":[],"_links":{"self":[{"href":"https:\/\/www.enate.es\/en\/wp-json\/wp\/v2\/product\/1867","targetHints":{"allow":["GET"]}}],"collection":[{"href":"https:\/\/www.enate.es\/en\/wp-json\/wp\/v2\/product"}],"about":[{"href":"https:\/\/www.enate.es\/en\/wp-json\/wp\/v2\/types\/product"}],"version-history":[{"count":11,"href":"https:\/\/www.enate.es\/en\/wp-json\/wp\/v2\/product\/1867\/revisions"}],"predecessor-version":[{"id":6422,"href":"https:\/\/www.enate.es\/en\/wp-json\/wp\/v2\/product\/1867\/revisions\/6422"}],"wp:featuredmedia":[{"embeddable":true,"href":"https:\/\/www.enate.es\/en\/wp-json\/wp\/v2\/media\/2805"}],"wp:attachment":[{"href":"https:\/\/www.enate.es\/en\/wp-json\/wp\/v2\/media?parent=1867"}],"wp:term":[{"taxonomy":"product_brand","embeddable":true,"href":"https:\/\/www.enate.es\/en\/wp-json\/wp\/v2\/product_brand?post=1867"},{"taxonomy":"product_cat","embeddable":true,"href":"https:\/\/www.enate.es\/en\/wp-json\/wp\/v2\/product_cat?post=1867"},{"taxonomy":"product_tag","embeddable":true,"href":"https:\/\/www.enate.es\/en\/wp-json\/wp\/v2\/product_tag?post=1867"}],"curies":[{"name":"wp","href":"https:\/\/api.w.org\/{rel}","templated":true}]}}