{"id":1906,"date":"2020-11-10T00:07:31","date_gmt":"2020-11-09T23:07:31","guid":{"rendered":"https:\/\/www.enate.es\/de\/?post_type=product&#038;p=1906"},"modified":"2020-12-19T09:47:53","modified_gmt":"2020-12-19T08:47:53","slug":"cata-de-primavera-seleccion-enate-con-videocata","status":"publish","type":"product","link":"https:\/\/www.enate.es\/de\/geschaft\/cata-de-primavera-seleccion-enate-con-videocata\/","title":{"rendered":"Cata de primavera selecci\u00f3n ENATE (con videocata)"},"content":{"rendered":"<p>Realice junto a nuestro director t\u00e9cnico, Jes\u00fas Artajona, la cata de este pack de primavera selecci\u00f3n ENATE, d\u00f3nde y cu\u00e1ndo quiera, que incluye:<\/p>\n<p>1 ENATE Gew\u00fcrztraminer 2019<\/p>\n<p>1 ENATE Gew\u00fcrztraminer 2017<\/p>\n<p>1 ENATE Rosado Cabernet-Sauvignon 2019<\/p>\n<p>Acceso al video de la cata online en exclusiva<\/p>\n<p>Con la compra de este pack, recibir\u00e1 acceso a una cata en video dirigida por Jes\u00fas Artajona donde podr\u00e1 seguir paso a paso la cata vertical de dos a\u00f1adas destacadas de nuestro ENATE Gew\u00fcrztraminer: 2019 y 2017. Adem\u00e1s, en esta experiencia catar\u00e1 ENATE Rosado 2019 y descubrir\u00e1 por qu\u00e9 es uno de los vinos m\u00e1s representativos de la bodega.<\/p>\n","protected":false},"excerpt":{"rendered":"<p>Realice junto a nuestro director t\u00e9cnico, Jes\u00fas Artajona, la cata de este pack de primavera selecci\u00f3n ENATE, d\u00f3nde y cu\u00e1ndo quiera, que incluye: 1 ENATE Gew\u00fcrztraminer 2019 1 ENATE Gew\u00fcrztraminer 2017 1 ENATE Rosado Cabernet-Sauvignon 2019 Acceso al video de la cata online en exclusiva Con la compra de este pack, recibir\u00e1 acceso a una [&hellip;]&#8230;<\/p>\n","protected":false},"featured_media":0,"template":"","meta":{"_crdt_document":""},"product_brand":[],"product_cat":[23,45,24],"product_tag":[],"class_list":{"0":"post-1906","1":"product","2":"type-product","3":"status-publish","5":"product_cat-blanco","6":"product_cat-cata","7":"product_cat-rosado","9":"first","10":"instock","11":"taxable","12":"shipping-taxable","13":"purchasable","14":"product-type-simple"},"bundled_by":[],"bundle_stock_status":"instock","bundle_stock_quantity":null,"bundle_virtual":false,"bundle_layout":"","bundle_add_to_cart_form_location":"","bundle_editable_in_cart":false,"bundle_sold_individually_context":"","bundle_item_grouping":"","bundle_min_size":"","bundle_max_size":"","bundle_price":[],"bundled_items":[],"bundle_sell_ids":[],"exclude_global_add_ons":[],"addons":[],"_links":{"self":[{"href":"https:\/\/www.enate.es\/de\/wp-json\/wp\/v2\/product\/1906","targetHints":{"allow":["GET"]}}],"collection":[{"href":"https:\/\/www.enate.es\/de\/wp-json\/wp\/v2\/product"}],"about":[{"href":"https:\/\/www.enate.es\/de\/wp-json\/wp\/v2\/types\/product"}],"version-history":[{"count":0,"href":"https:\/\/www.enate.es\/de\/wp-json\/wp\/v2\/product\/1906\/revisions"}],"wp:attachment":[{"href":"https:\/\/www.enate.es\/de\/wp-json\/wp\/v2\/media?parent=1906"}],"wp:term":[{"taxonomy":"product_brand","embeddable":true,"href":"https:\/\/www.enate.es\/de\/wp-json\/wp\/v2\/product_brand?post=1906"},{"taxonomy":"product_cat","embeddable":true,"href":"https:\/\/www.enate.es\/de\/wp-json\/wp\/v2\/product_cat?post=1906"},{"taxonomy":"product_tag","embeddable":true,"href":"https:\/\/www.enate.es\/de\/wp-json\/wp\/v2\/product_tag?post=1906"}],"curies":[{"name":"wp","href":"https:\/\/api.w.org\/{rel}","templated":true}]}}