{"id":1905,"date":"2020-11-10T00:02:11","date_gmt":"2020-11-09T23:02:11","guid":{"rendered":"https:\/\/www.enate.es\/de\/?post_type=product&#038;p=1905"},"modified":"2023-04-12T10:02:02","modified_gmt":"2023-04-12T08:02:02","slug":"gewurztraminer-dulce","status":"publish","type":"product","link":"https:\/\/www.enate.es\/de\/geschaft\/gewurztraminer-dulce\/","title":{"rendered":"Gew\u00fcrztraminer dulce (50 cl)"},"content":{"rendered":"<h2>CHARAKTERISTIK<\/h2>\n<p>Intensives Aroma mit Ankl\u00e4ngen an Honig und kandierte Fr\u00fcchte, begleitet von Blumen- und Zitrusnoten. Dieser intensive rebsortentypische Charakter wird noch durch die R\u00f6staromen und Gew\u00fcrznoten des Barrique-Ausbaues verst\u00e4rkt. Ausgezeichnete Dichte am Gaumen. Der Wein \u00fcberzeugt durch die perfekte Ausgewogenheit von Zucker\/ S\u00e4ure und pr\u00e4sentiert sich eher lebendig frisch als lieblich. Samtig, s\u00fc\u00df und erfrischend zugleich.<\/p>\n<h2>BEMERKUNGEN DES WINZERS<\/h2>\n<p>Samtiger und erfrischender Wein, ein wahrer Hochgenuss von ENATE.<\/p>\n","protected":false},"excerpt":{"rendered":"<ul>\n<li>No se vende individualmente.<\/li>\n<li>La cantidad m\u00ednima son 6 botellas o m\u00faltiplos de 6.<\/li>\n<li>El precio dado corresponde a una botella.<\/li>\n<\/ul>\n<p>&#8230;<\/p>\n","protected":false},"featured_media":2806,"template":"","meta":{"_crdt_document":""},"product_brand":[],"product_cat":[23],"product_tag":[],"class_list":{"0":"post-1905","1":"product","2":"type-product","3":"status-publish","4":"has-post-thumbnail","6":"product_cat-blanco","8":"first","9":"instock","10":"taxable","11":"shipping-taxable","12":"purchasable","13":"product-type-simple"},"bundled_by":[],"bundle_stock_status":"instock","bundle_stock_quantity":null,"bundle_virtual":false,"bundle_layout":"","bundle_add_to_cart_form_location":"","bundle_editable_in_cart":false,"bundle_sold_individually_context":"","bundle_item_grouping":"","bundle_min_size":"","bundle_max_size":"","bundle_price":[],"bundled_items":[],"bundle_sell_ids":[],"exclude_global_add_ons":[],"addons":[],"_links":{"self":[{"href":"https:\/\/www.enate.es\/de\/wp-json\/wp\/v2\/product\/1905","targetHints":{"allow":["GET"]}}],"collection":[{"href":"https:\/\/www.enate.es\/de\/wp-json\/wp\/v2\/product"}],"about":[{"href":"https:\/\/www.enate.es\/de\/wp-json\/wp\/v2\/types\/product"}],"version-history":[{"count":8,"href":"https:\/\/www.enate.es\/de\/wp-json\/wp\/v2\/product\/1905\/revisions"}],"predecessor-version":[{"id":5884,"href":"https:\/\/www.enate.es\/de\/wp-json\/wp\/v2\/product\/1905\/revisions\/5884"}],"wp:featuredmedia":[{"embeddable":true,"href":"https:\/\/www.enate.es\/de\/wp-json\/wp\/v2\/media\/2806"}],"wp:attachment":[{"href":"https:\/\/www.enate.es\/de\/wp-json\/wp\/v2\/media?parent=1905"}],"wp:term":[{"taxonomy":"product_brand","embeddable":true,"href":"https:\/\/www.enate.es\/de\/wp-json\/wp\/v2\/product_brand?post=1905"},{"taxonomy":"product_cat","embeddable":true,"href":"https:\/\/www.enate.es\/de\/wp-json\/wp\/v2\/product_cat?post=1905"},{"taxonomy":"product_tag","embeddable":true,"href":"https:\/\/www.enate.es\/de\/wp-json\/wp\/v2\/product_tag?post=1905"}],"curies":[{"name":"wp","href":"https:\/\/api.w.org\/{rel}","templated":true}]}}