{"id":1903,"date":"2020-11-09T23:59:10","date_gmt":"2020-11-09T22:59:10","guid":{"rendered":"https:\/\/www.enate.es\/de\/?post_type=product&#038;p=1903"},"modified":"2023-04-12T10:09:15","modified_gmt":"2023-04-12T08:09:15","slug":"uno-chardonnay","status":"publish","type":"product","link":"https:\/\/www.enate.es\/de\/geschaft\/uno-chardonnay\/","title":{"rendered":"Uno Chardonnay"},"content":{"rendered":"<h2>Rebsorte<\/h2>\n<p>Chardonnay.<\/p>\n<h2>Bemerkungen des Winzers<\/h2>\n<p>Direkt vor Ort am Fu\u00dfe des Weinbergs konzipiert und mittels einer exklusive a-la-carte-Weinbereitung hergestellt, erhalten wir in den Jahren, in denen es die Traubenqualit\u00e4t m\u00f6glich macht, einen grandiosen Wei\u00dfwein in begrenzter Auflage mit lang anhaltendem Nachklang.<\/p>\n<h2>Pass gut zu<\/h2>\n<p>Seine einzigartige Pers\u00f6nlichkeit und \u00dcppigkeit pr\u00e4destinierten diesen Wein als idealen Begleiter zu kr\u00e4ftigen K\u00e4sesorten, Fisch, pikanten Gerichten und kr\u00e4ftigen Eint\u00f6pfen wie Seehecht mit frischer Steinpilzso\u00dfe oder Hummersuppe.<\/p>\n<h2>Etikett<\/h2>\n<p>Originalgem\u00e4lde von Erwin Bechtold f\u00fcr ENATE.<\/p>\n","protected":false},"excerpt":{"rendered":"<p>El precio dado corresponde a una botella&#8230;.<\/p>\n","protected":false},"featured_media":2797,"template":"","meta":{"_crdt_document":""},"product_brand":[],"product_cat":[23],"product_tag":[],"class_list":{"0":"post-1903","1":"product","2":"type-product","3":"status-publish","4":"has-post-thumbnail","6":"product_cat-blanco","8":"first","9":"instock","10":"taxable","11":"shipping-taxable","12":"purchasable","13":"product-type-simple"},"bundled_by":[],"bundle_stock_status":"instock","bundle_stock_quantity":null,"bundle_virtual":false,"bundle_layout":"","bundle_add_to_cart_form_location":"","bundle_editable_in_cart":false,"bundle_sold_individually_context":"","bundle_item_grouping":"","bundle_min_size":"","bundle_max_size":"","bundle_price":[],"bundled_items":[],"bundle_sell_ids":[],"exclude_global_add_ons":[],"addons":[],"_links":{"self":[{"href":"https:\/\/www.enate.es\/de\/wp-json\/wp\/v2\/product\/1903","targetHints":{"allow":["GET"]}}],"collection":[{"href":"https:\/\/www.enate.es\/de\/wp-json\/wp\/v2\/product"}],"about":[{"href":"https:\/\/www.enate.es\/de\/wp-json\/wp\/v2\/types\/product"}],"version-history":[{"count":3,"href":"https:\/\/www.enate.es\/de\/wp-json\/wp\/v2\/product\/1903\/revisions"}],"predecessor-version":[{"id":5895,"href":"https:\/\/www.enate.es\/de\/wp-json\/wp\/v2\/product\/1903\/revisions\/5895"}],"wp:featuredmedia":[{"embeddable":true,"href":"https:\/\/www.enate.es\/de\/wp-json\/wp\/v2\/media\/2797"}],"wp:attachment":[{"href":"https:\/\/www.enate.es\/de\/wp-json\/wp\/v2\/media?parent=1903"}],"wp:term":[{"taxonomy":"product_brand","embeddable":true,"href":"https:\/\/www.enate.es\/de\/wp-json\/wp\/v2\/product_brand?post=1903"},{"taxonomy":"product_cat","embeddable":true,"href":"https:\/\/www.enate.es\/de\/wp-json\/wp\/v2\/product_cat?post=1903"},{"taxonomy":"product_tag","embeddable":true,"href":"https:\/\/www.enate.es\/de\/wp-json\/wp\/v2\/product_tag?post=1903"}],"curies":[{"name":"wp","href":"https:\/\/api.w.org\/{rel}","templated":true}]}}