{"id":1892,"date":"2020-11-09T23:58:46","date_gmt":"2020-11-09T22:58:46","guid":{"rendered":"https:\/\/www.enate.es\/de\/?post_type=product&#038;p=1892"},"modified":"2024-11-04T13:48:06","modified_gmt":"2024-11-04T12:48:06","slug":"syrah-shiraz","status":"publish","type":"product","link":"https:\/\/www.enate.es\/de\/geschaft\/syrah-shiraz\/","title":{"rendered":"Syrah-Shiraz"},"content":{"rendered":"<h2>Rebsorte<\/h2>\n<p>Syrah de Cregenz\u00e1n und Shiraz de Alcanetos.<\/p>\n<h2>Bemerkungen des Winzers<\/h2>\n<p>Die urspr\u00fcnglich an der Rh\u00f4ne heimische Traube etablierte sich zuerst in Australien und wird jetzt in den Weinbergen des Somontano heimisch, wo sie das Beste des Terroirs der ENATE Reblagen hervorbringt. Ein Hochgenuss, rund am Gaumen.<\/p>\n<h2>Pass gut zu<\/h2>\n<p>Perfekt zu Wildgerichten, wie z.B. Entenbrust mit Johannisbeerreduktion, aber auch Eint\u00f6pfen, Braten, wie z.B. vom Ib\u00e9rico-Schwein mit Teriyaki-Sauce bei niedriger Temperatur, oder Ger\u00e4uchertem.<\/p>\n<h2>Etikett<\/h2>\n<p>Originalgem\u00e4lde des K\u00fcnstlers Manuel Rivera f\u00fcr ENATE.<\/p>\n","protected":false},"excerpt":{"rendered":"<p>Rebsorte Syrah de Cregenz\u00e1n und Shiraz de Alcanetos. Bemerkungen des Winzers Die urspr\u00fcnglich an der Rh\u00f4ne heimische Traube etablierte sich zuerst in Australien und wird jetzt in den Weinbergen des Somontano heimisch, wo sie das Beste des Terroirs der ENATE Reblagen hervorbringt. Ein Hochgenuss, rund am Gaumen. Pass gut zu Perfekt zu Wildgerichten, wie z.B. [&hellip;]&#8230;<\/p>\n","protected":false},"featured_media":5967,"template":"","meta":{"_crdt_document":""},"product_brand":[],"product_cat":[25],"product_tag":[],"class_list":{"0":"post-1892","1":"product","2":"type-product","3":"status-publish","4":"has-post-thumbnail","6":"product_cat-tinto","8":"first","9":"instock","10":"taxable","11":"shipping-taxable","12":"purchasable","13":"product-type-simple"},"bundled_by":[],"bundle_stock_status":"instock","bundle_stock_quantity":null,"bundle_virtual":false,"bundle_layout":"","bundle_add_to_cart_form_location":"","bundle_editable_in_cart":false,"bundle_sold_individually_context":"","bundle_item_grouping":"","bundle_min_size":"","bundle_max_size":"","bundle_price":[],"bundled_items":[],"bundle_sell_ids":[],"exclude_global_add_ons":[],"addons":[],"_links":{"self":[{"href":"https:\/\/www.enate.es\/de\/wp-json\/wp\/v2\/product\/1892","targetHints":{"allow":["GET"]}}],"collection":[{"href":"https:\/\/www.enate.es\/de\/wp-json\/wp\/v2\/product"}],"about":[{"href":"https:\/\/www.enate.es\/de\/wp-json\/wp\/v2\/types\/product"}],"version-history":[{"count":4,"href":"https:\/\/www.enate.es\/de\/wp-json\/wp\/v2\/product\/1892\/revisions"}],"predecessor-version":[{"id":5890,"href":"https:\/\/www.enate.es\/de\/wp-json\/wp\/v2\/product\/1892\/revisions\/5890"}],"wp:featuredmedia":[{"embeddable":true,"href":"https:\/\/www.enate.es\/de\/wp-json\/wp\/v2\/media\/5967"}],"wp:attachment":[{"href":"https:\/\/www.enate.es\/de\/wp-json\/wp\/v2\/media?parent=1892"}],"wp:term":[{"taxonomy":"product_brand","embeddable":true,"href":"https:\/\/www.enate.es\/de\/wp-json\/wp\/v2\/product_brand?post=1892"},{"taxonomy":"product_cat","embeddable":true,"href":"https:\/\/www.enate.es\/de\/wp-json\/wp\/v2\/product_cat?post=1892"},{"taxonomy":"product_tag","embeddable":true,"href":"https:\/\/www.enate.es\/de\/wp-json\/wp\/v2\/product_tag?post=1892"}],"curies":[{"name":"wp","href":"https:\/\/api.w.org\/{rel}","templated":true}]}}