{"id":1891,"date":"2020-11-09T23:58:26","date_gmt":"2020-11-09T22:58:26","guid":{"rendered":"https:\/\/www.enate.es\/de\/?post_type=product&#038;p=1891"},"modified":"2023-04-12T10:08:17","modified_gmt":"2023-04-12T08:08:17","slug":"reserva-especial-2006","status":"publish","type":"product","link":"https:\/\/www.enate.es\/de\/geschaft\/reserva-especial-2006\/","title":{"rendered":"Reserva Especial 2006"},"content":{"rendered":"<h2>Rebsorte<\/h2>\n<p>Cabernet Sauvignon und Merlot.<\/p>\n<h2>Bemerkungen des Winzers<\/h2>\n<p>Die Herstellung von Reservas Especiales-Weinen zielt darauf, das Potential der Trauben eines bestimmten Jahrganges vollst\u00e4ndig auszusch\u00f6pfen. Anders als sonst wird hier das Streben nach Kontinuit\u00e4t der Jahrgangsertr\u00e4ge au\u00dfer Acht gelassen und stattdessen versucht, die allerh\u00f6chste Qualit\u00e4t einzufangen. Die geringe St\u00fcckzahl und der Hauch von Exklusivit\u00e4t machen diese edlen Tropfen zu wahren Sammlerweinen.<\/p>\n<h2>Pass gut zu<\/h2>\n<p>Ideale Begleitung zu Eint\u00f6pfen, wie z.B. einem pikanten Lammragout, oder Wild wie etwa Reis mit Ringeltaube und Schnecken. Dieser Wein passt auch perfekt zu kurzgebratenem Fleisch und jungem K\u00e4se.<\/p>\n<h2>Etikett<\/h2>\n<p>Originalgem\u00e4lde von Jos\u00e9 Manuel Broto f\u00fcr ENATE.<\/p>\n","protected":false},"excerpt":{"rendered":"<ul>\n<li>El precio dado corresponde a una botella.<\/li>\n<\/ul>\n<p>&#8230;<\/p>\n","protected":false},"featured_media":2794,"template":"","meta":{"_crdt_document":""},"product_brand":[],"product_cat":[25],"product_tag":[],"class_list":{"0":"post-1891","1":"product","2":"type-product","3":"status-publish","4":"has-post-thumbnail","6":"product_cat-tinto","8":"first","9":"instock","10":"taxable","11":"shipping-taxable","12":"purchasable","13":"product-type-simple"},"bundled_by":[],"bundle_stock_status":"instock","bundle_stock_quantity":null,"bundle_virtual":false,"bundle_layout":"","bundle_add_to_cart_form_location":"","bundle_editable_in_cart":false,"bundle_sold_individually_context":"","bundle_item_grouping":"","bundle_min_size":"","bundle_max_size":"","bundle_price":[],"bundled_items":[],"bundle_sell_ids":[],"exclude_global_add_ons":[],"addons":[],"_links":{"self":[{"href":"https:\/\/www.enate.es\/de\/wp-json\/wp\/v2\/product\/1891","targetHints":{"allow":["GET"]}}],"collection":[{"href":"https:\/\/www.enate.es\/de\/wp-json\/wp\/v2\/product"}],"about":[{"href":"https:\/\/www.enate.es\/de\/wp-json\/wp\/v2\/types\/product"}],"version-history":[{"count":4,"href":"https:\/\/www.enate.es\/de\/wp-json\/wp\/v2\/product\/1891\/revisions"}],"predecessor-version":[{"id":5893,"href":"https:\/\/www.enate.es\/de\/wp-json\/wp\/v2\/product\/1891\/revisions\/5893"}],"wp:featuredmedia":[{"embeddable":true,"href":"https:\/\/www.enate.es\/de\/wp-json\/wp\/v2\/media\/2794"}],"wp:attachment":[{"href":"https:\/\/www.enate.es\/de\/wp-json\/wp\/v2\/media?parent=1891"}],"wp:term":[{"taxonomy":"product_brand","embeddable":true,"href":"https:\/\/www.enate.es\/de\/wp-json\/wp\/v2\/product_brand?post=1891"},{"taxonomy":"product_cat","embeddable":true,"href":"https:\/\/www.enate.es\/de\/wp-json\/wp\/v2\/product_cat?post=1891"},{"taxonomy":"product_tag","embeddable":true,"href":"https:\/\/www.enate.es\/de\/wp-json\/wp\/v2\/product_tag?post=1891"}],"curies":[{"name":"wp","href":"https:\/\/api.w.org\/{rel}","templated":true}]}}