{"id":1890,"date":"2020-11-09T23:57:46","date_gmt":"2020-11-09T22:57:46","guid":{"rendered":"https:\/\/www.enate.es\/de\/?post_type=product&#038;p=1890"},"modified":"2024-11-04T13:46:29","modified_gmt":"2024-11-04T12:46:29","slug":"varietales","status":"publish","type":"product","link":"https:\/\/www.enate.es\/de\/geschaft\/varietales\/","title":{"rendered":"Varietales"},"content":{"rendered":"<h2>Rebsorte<\/h2>\n<p>Cabernet Sauvignon, Merlot, Tempranillo und Syrah.<\/p>\n<h2>Bemerkungen des Winzers<\/h2>\n<p>Der Wein ist das Ergebnis einer Komposition der erlesensten Rebsorten aus den Weinbergen von ENATE. In der Nase eine meisterhafte Mischung aus den floralen Noten des Merlot, den roten Beeren des Tempranillo, w\u00fcrzigen und balsamischen Aromen des Cabernet sowie den mineralischen und beerigen Ankl\u00e4ngen vom Syrah. Ein eleganter und facettenreicher Wein.<\/p>\n<h2>Pass gut zu<\/h2>\n<p>Ideale Begleitung zu Ger\u00e4uchertem, gebratenem oder rotem Fleisch und leichten Gerichten wie Kaninchen in Pflaumensauce oder einem Dessert mit K\u00e4se, wie z.B. einem K\u00e4se-Joghurt-Kuchen mit roten Johannisbeeren.<\/p>\n<h2>Etikett<\/h2>\n<p>Originalgem\u00e4lde des K\u00fcnstlers Salvador Victoria f\u00fcr ENATE.<\/p>\n","protected":false},"excerpt":{"rendered":"<ul>\n<li>No se vende individualmente.<\/li>\n<li>La cantidad m\u00ednima son 3 botellas o m\u00faltiplos de 3.<\/li>\n<li>El precio dado corresponde a una botella.<\/li>\n<\/ul>\n<p>&#8230;<\/p>\n","protected":false},"featured_media":5969,"template":"","meta":{"_crdt_document":""},"product_brand":[],"product_cat":[25],"product_tag":[],"class_list":{"0":"post-1890","1":"product","2":"type-product","3":"status-publish","4":"has-post-thumbnail","6":"product_cat-tinto","8":"first","9":"instock","10":"taxable","11":"shipping-taxable","12":"purchasable","13":"product-type-simple"},"bundled_by":[],"bundle_stock_status":"instock","bundle_stock_quantity":null,"bundle_virtual":false,"bundle_layout":"","bundle_add_to_cart_form_location":"","bundle_editable_in_cart":false,"bundle_sold_individually_context":"","bundle_item_grouping":"","bundle_min_size":"","bundle_max_size":"","bundle_price":[],"bundled_items":[],"bundle_sell_ids":[],"exclude_global_add_ons":[],"addons":[],"_links":{"self":[{"href":"https:\/\/www.enate.es\/de\/wp-json\/wp\/v2\/product\/1890","targetHints":{"allow":["GET"]}}],"collection":[{"href":"https:\/\/www.enate.es\/de\/wp-json\/wp\/v2\/product"}],"about":[{"href":"https:\/\/www.enate.es\/de\/wp-json\/wp\/v2\/types\/product"}],"version-history":[{"count":10,"href":"https:\/\/www.enate.es\/de\/wp-json\/wp\/v2\/product\/1890\/revisions"}],"predecessor-version":[{"id":5892,"href":"https:\/\/www.enate.es\/de\/wp-json\/wp\/v2\/product\/1890\/revisions\/5892"}],"wp:featuredmedia":[{"embeddable":true,"href":"https:\/\/www.enate.es\/de\/wp-json\/wp\/v2\/media\/5969"}],"wp:attachment":[{"href":"https:\/\/www.enate.es\/de\/wp-json\/wp\/v2\/media?parent=1890"}],"wp:term":[{"taxonomy":"product_brand","embeddable":true,"href":"https:\/\/www.enate.es\/de\/wp-json\/wp\/v2\/product_brand?post=1890"},{"taxonomy":"product_cat","embeddable":true,"href":"https:\/\/www.enate.es\/de\/wp-json\/wp\/v2\/product_cat?post=1890"},{"taxonomy":"product_tag","embeddable":true,"href":"https:\/\/www.enate.es\/de\/wp-json\/wp\/v2\/product_tag?post=1890"}],"curies":[{"name":"wp","href":"https:\/\/api.w.org\/{rel}","templated":true}]}}