{"id":1872,"date":"2020-11-09T23:46:33","date_gmt":"2020-11-09T22:46:33","guid":{"rendered":"https:\/\/www.enate.es\/de\/?post_type=product&#038;p=1872"},"modified":"2023-04-12T10:04:21","modified_gmt":"2023-04-12T08:04:21","slug":"reserva","status":"publish","type":"product","link":"https:\/\/www.enate.es\/de\/geschaft\/reserva\/","title":{"rendered":"Reserva"},"content":{"rendered":"<h2>Rebsorte<\/h2>\n<p>Cabernet sauvignon.<\/p>\n<h2>Bemerkungen des Winzers<\/h2>\n<p>Durch die Verbindung traditioneller Weinbautechniken mit modernen Verfahren gelang ENATE mit diesem Reserva die Herstellung eines sehr ausgeglichenen Weines mit gro\u00dfem Potenzial f\u00fcr die Flaschenreife.<\/p>\n<h2>Pass gut zu<\/h2>\n<p>Schmackhaften Gerichten wie gegrillten Steinpilzen mit Petersilie und Knoblauch oder Bohnen mit feinen Muscheln und Tintenfisch, aber auch zu rotem Fleisch, Eint\u00f6pfen oder gereiftem K\u00e4se.<\/p>\n<h2>Etikett<\/h2>\n<p>Originalgem\u00e4lde von Jos\u00e9 Manuel Broto f\u00fcr ENATE.<\/p>\n","protected":false},"excerpt":{"rendered":"<ul>\n<li>No se vende individualmente.<\/li>\n<li>La cantidad m\u00ednima son 3 botellas o m\u00faltiplos de 3.<\/li>\n<li>El precio dado corresponde a una botella.<\/li>\n<\/ul>\n<p>&#8230;<\/p>\n","protected":false},"featured_media":2793,"template":"","meta":{"_crdt_document":""},"product_brand":[],"product_cat":[25],"product_tag":[],"class_list":{"0":"post-1872","1":"product","2":"type-product","3":"status-publish","4":"has-post-thumbnail","6":"product_cat-tinto","8":"first","9":"instock","10":"taxable","11":"shipping-taxable","12":"purchasable","13":"product-type-simple"},"bundled_by":[],"bundle_stock_status":"instock","bundle_stock_quantity":null,"bundle_virtual":false,"bundle_layout":"","bundle_add_to_cart_form_location":"","bundle_editable_in_cart":false,"bundle_sold_individually_context":"","bundle_item_grouping":"","bundle_min_size":"","bundle_max_size":"","bundle_price":[],"bundled_items":[],"bundle_sell_ids":[],"exclude_global_add_ons":[],"addons":[],"_links":{"self":[{"href":"https:\/\/www.enate.es\/de\/wp-json\/wp\/v2\/product\/1872","targetHints":{"allow":["GET"]}}],"collection":[{"href":"https:\/\/www.enate.es\/de\/wp-json\/wp\/v2\/product"}],"about":[{"href":"https:\/\/www.enate.es\/de\/wp-json\/wp\/v2\/types\/product"}],"version-history":[{"count":3,"href":"https:\/\/www.enate.es\/de\/wp-json\/wp\/v2\/product\/1872\/revisions"}],"predecessor-version":[{"id":5888,"href":"https:\/\/www.enate.es\/de\/wp-json\/wp\/v2\/product\/1872\/revisions\/5888"}],"wp:featuredmedia":[{"embeddable":true,"href":"https:\/\/www.enate.es\/de\/wp-json\/wp\/v2\/media\/2793"}],"wp:attachment":[{"href":"https:\/\/www.enate.es\/de\/wp-json\/wp\/v2\/media?parent=1872"}],"wp:term":[{"taxonomy":"product_brand","embeddable":true,"href":"https:\/\/www.enate.es\/de\/wp-json\/wp\/v2\/product_brand?post=1872"},{"taxonomy":"product_cat","embeddable":true,"href":"https:\/\/www.enate.es\/de\/wp-json\/wp\/v2\/product_cat?post=1872"},{"taxonomy":"product_tag","embeddable":true,"href":"https:\/\/www.enate.es\/de\/wp-json\/wp\/v2\/product_tag?post=1872"}],"curies":[{"name":"wp","href":"https:\/\/api.w.org\/{rel}","templated":true}]}}