{"id":1871,"date":"2020-11-09T23:41:32","date_gmt":"2020-11-09T22:41:32","guid":{"rendered":"https:\/\/www.enate.es\/de\/?post_type=product&#038;p=1871"},"modified":"2023-04-12T10:01:06","modified_gmt":"2023-04-12T08:01:06","slug":"chardonnay-fermentado-en-barrica","status":"publish","type":"product","link":"https:\/\/www.enate.es\/de\/geschaft\/chardonnay-fermentado-en-barrica\/","title":{"rendered":"Chardonnay Fermentado en Barrica"},"content":{"rendered":"<h2>Rebsorte<\/h2>\n<p>Chardonnay.<\/p>\n<h2>Bemerkungen des Winzers<\/h2>\n<p>Dieser Wein ist ein wirkliches Flaggschiff der Bodega, der durch seine beeindruckende Balance zwischen Frucht- und Barrique-Noten \u00fcberzeugt und zeigt, wie sehr es beim Ausbau auf die Feinhefe und die Reifung im Holzfass auf sorgf\u00e4ltiges Arbeiten ankommt. Ein Wein der einen festen Platz unter den gro\u00dfen, spanischen Weinen einnimmt.<\/p>\n<h2>Pass gut zu<\/h2>\n<p>Die perfekte Begleitung zu fetthaltigem Fisch, wie z.B. lackierten Lachs mit Sojareduktion, oder zu hellem Fleisch, ger\u00e4ucherten und pikanten Gerichte wie gebratenen Reis mit Currygarnelen, zu reifem K\u00e4se und Desserts, wie z.B. Apfeltarte mit Waln\u00fcssen.<\/p>\n<h2>Etikett<\/h2>\n<p>Originalgem\u00e4lde des K\u00fcnstlers Antonio Saura f\u00fcr ENATE.<\/p>\n","protected":false},"excerpt":{"rendered":"<ul>\n<li>No se vende individualmente.<\/li>\n<li>La cantidad m\u00ednima son 3 botellas o m\u00faltiplos de 3.<\/li>\n<li>El precio dado corresponde a una botella.<\/li>\n<\/ul>\n<p>&#8230;<\/p>\n","protected":false},"featured_media":2804,"template":"","meta":{"_crdt_document":""},"product_brand":[],"product_cat":[23],"product_tag":[],"class_list":{"0":"post-1871","1":"product","2":"type-product","3":"status-publish","4":"has-post-thumbnail","6":"product_cat-blanco","8":"first","9":"instock","10":"taxable","11":"shipping-taxable","12":"purchasable","13":"product-type-simple"},"bundled_by":[],"bundle_stock_status":"instock","bundle_stock_quantity":null,"bundle_virtual":false,"bundle_layout":"","bundle_add_to_cart_form_location":"","bundle_editable_in_cart":false,"bundle_sold_individually_context":"","bundle_item_grouping":"","bundle_min_size":"","bundle_max_size":"","bundle_price":[],"bundled_items":[],"bundle_sell_ids":[],"exclude_global_add_ons":[],"addons":[],"_links":{"self":[{"href":"https:\/\/www.enate.es\/de\/wp-json\/wp\/v2\/product\/1871","targetHints":{"allow":["GET"]}}],"collection":[{"href":"https:\/\/www.enate.es\/de\/wp-json\/wp\/v2\/product"}],"about":[{"href":"https:\/\/www.enate.es\/de\/wp-json\/wp\/v2\/types\/product"}],"version-history":[{"count":3,"href":"https:\/\/www.enate.es\/de\/wp-json\/wp\/v2\/product\/1871\/revisions"}],"predecessor-version":[{"id":5882,"href":"https:\/\/www.enate.es\/de\/wp-json\/wp\/v2\/product\/1871\/revisions\/5882"}],"wp:featuredmedia":[{"embeddable":true,"href":"https:\/\/www.enate.es\/de\/wp-json\/wp\/v2\/media\/2804"}],"wp:attachment":[{"href":"https:\/\/www.enate.es\/de\/wp-json\/wp\/v2\/media?parent=1871"}],"wp:term":[{"taxonomy":"product_brand","embeddable":true,"href":"https:\/\/www.enate.es\/de\/wp-json\/wp\/v2\/product_brand?post=1871"},{"taxonomy":"product_cat","embeddable":true,"href":"https:\/\/www.enate.es\/de\/wp-json\/wp\/v2\/product_cat?post=1871"},{"taxonomy":"product_tag","embeddable":true,"href":"https:\/\/www.enate.es\/de\/wp-json\/wp\/v2\/product_tag?post=1871"}],"curies":[{"name":"wp","href":"https:\/\/api.w.org\/{rel}","templated":true}]}}