{"id":1870,"date":"2020-11-09T23:43:49","date_gmt":"2020-11-09T22:43:49","guid":{"rendered":"https:\/\/www.enate.es\/de\/?post_type=product&#038;p=1870"},"modified":"2024-11-04T13:47:14","modified_gmt":"2024-11-04T12:47:14","slug":"merlot-merlot","status":"publish","type":"product","link":"https:\/\/www.enate.es\/de\/geschaft\/merlot-merlot\/","title":{"rendered":"Merlot-Merlot"},"content":{"rendered":"<h2>Rebsorte<\/h2>\n<p>Merlot.<\/p>\n<h2>Bemerkungen des Winzers<\/h2>\n<p>Es handelt sich um einen sehr \u00fcppigen Wein, der sofort alle Sinne bet\u00f6rt. Der Wirkung des Namens steht im Einklang mit dem starken Eindruck, den er im Mund hinterl\u00e4sst. Ohne Zweifel beweist ENATE mit diesem Wein seine Stellung als Rotweinproduzent von Rang.<\/p>\n<h2>Pass gut zu<\/h2>\n<p>Feine Begleitung zu Wildgerichten, Eint\u00f6pfen, Ger\u00e4uchertem und etwa Angus-Burgern mit karamellisierten Zwiebeln und geschmolzenem Stilton-K\u00e4se oder iberischen Schweinefleischb\u00e4llchen und Salsa espa\u00f1ola.<\/p>\n<h2>Etikett<\/h2>\n<p>Originalgem\u00e4lde von Frederic Amat f\u00fcr ENATE.<\/p>\n","protected":false},"excerpt":{"rendered":"<ul>\n<li>No se vende individualmente.<\/li>\n<li>La cantidad m\u00ednima son 3 botellas o m\u00faltiplos de 3.<\/li>\n<li>El precio dado corresponde a una botella.<\/li>\n<\/ul>\n<p>&#8230;<\/p>\n","protected":false},"featured_media":5966,"template":"","meta":{"_crdt_document":""},"product_brand":[],"product_cat":[25],"product_tag":[],"class_list":{"0":"post-1870","1":"product","2":"type-product","3":"status-publish","4":"has-post-thumbnail","6":"product_cat-tinto","8":"first","9":"instock","10":"taxable","11":"shipping-taxable","12":"purchasable","13":"product-type-simple"},"bundled_by":[],"bundle_stock_status":"instock","bundle_stock_quantity":null,"bundle_virtual":false,"bundle_layout":"","bundle_add_to_cart_form_location":"","bundle_editable_in_cart":false,"bundle_sold_individually_context":"","bundle_item_grouping":"","bundle_min_size":"","bundle_max_size":"","bundle_price":[],"bundled_items":[],"bundle_sell_ids":[],"exclude_global_add_ons":[],"addons":[],"_links":{"self":[{"href":"https:\/\/www.enate.es\/de\/wp-json\/wp\/v2\/product\/1870","targetHints":{"allow":["GET"]}}],"collection":[{"href":"https:\/\/www.enate.es\/de\/wp-json\/wp\/v2\/product"}],"about":[{"href":"https:\/\/www.enate.es\/de\/wp-json\/wp\/v2\/types\/product"}],"version-history":[{"count":7,"href":"https:\/\/www.enate.es\/de\/wp-json\/wp\/v2\/product\/1870\/revisions"}],"predecessor-version":[{"id":5889,"href":"https:\/\/www.enate.es\/de\/wp-json\/wp\/v2\/product\/1870\/revisions\/5889"}],"wp:featuredmedia":[{"embeddable":true,"href":"https:\/\/www.enate.es\/de\/wp-json\/wp\/v2\/media\/5966"}],"wp:attachment":[{"href":"https:\/\/www.enate.es\/de\/wp-json\/wp\/v2\/media?parent=1870"}],"wp:term":[{"taxonomy":"product_brand","embeddable":true,"href":"https:\/\/www.enate.es\/de\/wp-json\/wp\/v2\/product_brand?post=1870"},{"taxonomy":"product_cat","embeddable":true,"href":"https:\/\/www.enate.es\/de\/wp-json\/wp\/v2\/product_cat?post=1870"},{"taxonomy":"product_tag","embeddable":true,"href":"https:\/\/www.enate.es\/de\/wp-json\/wp\/v2\/product_tag?post=1870"}],"curies":[{"name":"wp","href":"https:\/\/api.w.org\/{rel}","templated":true}]}}