{"id":1869,"date":"2020-11-10T23:43:23","date_gmt":"2020-11-10T22:43:23","guid":{"rendered":"https:\/\/www.enate.es\/de\/?post_type=product&#038;p=1869"},"modified":"2024-11-04T13:49:03","modified_gmt":"2024-11-04T12:49:03","slug":"cabernet-cabernet","status":"publish","type":"product","link":"https:\/\/www.enate.es\/de\/geschaft\/cabernet-cabernet\/","title":{"rendered":"Cabernet-Cabernet"},"content":{"rendered":"<h2>Rebsorte<\/h2>\n<p>Cabernet Sauvignon.<\/p>\n<h2>Bemerkungen des Winzers<\/h2>\n<p>F\u00fcr diesen Wein hat ENATE nur die besten Cabernets ausgew\u00e4hlt. Mit seinem Hauch von Ernsthaftigkeit, einem leicht atlantischen Einfluss und dem gleichzeitig stark mediterranen Charakter von s\u00fc\u00dfer Weichheit, ist der Wein die Best\u00e4tigung daf\u00fcr, dass im Somontano gro\u00dfe und elegante Cabernets hergestellt werden.<\/p>\n<h2>Pass gut zu<\/h2>\n<p>Ideal zu Ger\u00e4uchertem, zu Eint\u00f6pfen und rotem Fleisch oder zu schmackhaften Gerichten wie Schnecken mit Schinken und s\u00fc\u00dfem Paprika\u00f6l oder einer Moussaka mit Gem\u00fcse aus dem Garten.<\/p>\n<h2>Etikett<\/h2>\n<p>Originalgem\u00e4lde von Erwin Bechtold f\u00fcr ENATE.<\/p>\n","protected":false},"excerpt":{"rendered":"<ul>\n<li>No se vende individualmente.<\/li>\n<li>La cantidad m\u00ednima son 3 botellas o m\u00faltiplos de 3.<\/li>\n<li>El precio dado corresponde a una botella.<\/li>\n<\/ul>\n<p>&#8230;<\/p>\n","protected":false},"featured_media":5968,"template":"","meta":{"_crdt_document":""},"product_brand":[],"product_cat":[25],"product_tag":[],"class_list":{"0":"post-1869","1":"product","2":"type-product","3":"status-publish","4":"has-post-thumbnail","6":"product_cat-tinto","8":"first","9":"instock","10":"taxable","11":"shipping-taxable","12":"purchasable","13":"product-type-simple"},"bundled_by":[],"bundle_stock_status":"instock","bundle_stock_quantity":null,"bundle_virtual":false,"bundle_layout":"","bundle_add_to_cart_form_location":"","bundle_editable_in_cart":false,"bundle_sold_individually_context":"","bundle_item_grouping":"","bundle_min_size":"","bundle_max_size":"","bundle_price":[],"bundled_items":[],"bundle_sell_ids":[],"exclude_global_add_ons":[],"addons":[],"_links":{"self":[{"href":"https:\/\/www.enate.es\/de\/wp-json\/wp\/v2\/product\/1869","targetHints":{"allow":["GET"]}}],"collection":[{"href":"https:\/\/www.enate.es\/de\/wp-json\/wp\/v2\/product"}],"about":[{"href":"https:\/\/www.enate.es\/de\/wp-json\/wp\/v2\/types\/product"}],"version-history":[{"count":6,"href":"https:\/\/www.enate.es\/de\/wp-json\/wp\/v2\/product\/1869\/revisions"}],"predecessor-version":[{"id":5891,"href":"https:\/\/www.enate.es\/de\/wp-json\/wp\/v2\/product\/1869\/revisions\/5891"}],"wp:featuredmedia":[{"embeddable":true,"href":"https:\/\/www.enate.es\/de\/wp-json\/wp\/v2\/media\/5968"}],"wp:attachment":[{"href":"https:\/\/www.enate.es\/de\/wp-json\/wp\/v2\/media?parent=1869"}],"wp:term":[{"taxonomy":"product_brand","embeddable":true,"href":"https:\/\/www.enate.es\/de\/wp-json\/wp\/v2\/product_brand?post=1869"},{"taxonomy":"product_cat","embeddable":true,"href":"https:\/\/www.enate.es\/de\/wp-json\/wp\/v2\/product_cat?post=1869"},{"taxonomy":"product_tag","embeddable":true,"href":"https:\/\/www.enate.es\/de\/wp-json\/wp\/v2\/product_tag?post=1869"}],"curies":[{"name":"wp","href":"https:\/\/api.w.org\/{rel}","templated":true}]}}