{"id":1868,"date":"2020-11-09T23:42:18","date_gmt":"2020-11-09T22:42:18","guid":{"rendered":"https:\/\/www.enate.es\/de\/?post_type=product&#038;p=1868"},"modified":"2023-04-12T10:03:21","modified_gmt":"2023-04-12T08:03:21","slug":"crianza","status":"publish","type":"product","link":"https:\/\/www.enate.es\/de\/geschaft\/crianza\/","title":{"rendered":"Crianza"},"content":{"rendered":"<h2>Rebsorte<\/h2>\n<p>Tempranillo und Cabernet Sauvignon.<\/p>\n<h2>Bemerkungen des Winzers<\/h2>\n<p>Mit dem Tempranillo als Basis f\u00fcr diese Sortenmischung hat dieser Wein sicherlich den ausgepr\u00e4gtesten iberischen Charakter im Sortiment von ENATE. Der Cabernet Sauvignon tr\u00e4gt zu seiner dichteren Struktur bei. Ein sehr schmeichelnder und facettenreicher Wein, der mit gro\u00dfem Geschick einen kraftvollen K\u00f6rper mit feinen Aromen verbindet.<\/p>\n<h2>Pass gut zu<\/h2>\n<p>Feine Begleitung zu Ger\u00e4uchertem, etwa Fleisch, wie z.B. ein ger\u00e4uchertes Entrec\u00f4te vom Eichen- und Rosmarin-Grill oder einige mit Nelkenaufguss gebackene Schweinerippchen, sowie zu Eint\u00f6pfen und K\u00e4se.<\/p>\n<h2>Etikett<\/h2>\n<p>Originalgem\u00e4lde des K\u00fcnstlers V\u00edctor Mira f\u00fcr ENATE.<\/p>\n","protected":false},"excerpt":{"rendered":"<ul>\n<li>No se vende individualmente.<\/li>\n<li>La cantidad m\u00ednima son 6 botellas o m\u00faltiplos de 6.<\/li>\n<li>El precio dado corresponde a una botella.<\/li>\n<\/ul>\n<p>&#8230;<\/p>\n","protected":false},"featured_media":2803,"template":"","meta":{"_crdt_document":""},"product_brand":[],"product_cat":[25],"product_tag":[],"class_list":{"0":"post-1868","1":"product","2":"type-product","3":"status-publish","4":"has-post-thumbnail","6":"product_cat-tinto","8":"first","9":"instock","10":"taxable","11":"shipping-taxable","12":"purchasable","13":"product-type-simple"},"bundled_by":[],"bundle_stock_status":"instock","bundle_stock_quantity":null,"bundle_virtual":false,"bundle_layout":"","bundle_add_to_cart_form_location":"","bundle_editable_in_cart":false,"bundle_sold_individually_context":"","bundle_item_grouping":"","bundle_min_size":"","bundle_max_size":"","bundle_price":[],"bundled_items":[],"bundle_sell_ids":[],"exclude_global_add_ons":[],"addons":[],"_links":{"self":[{"href":"https:\/\/www.enate.es\/de\/wp-json\/wp\/v2\/product\/1868","targetHints":{"allow":["GET"]}}],"collection":[{"href":"https:\/\/www.enate.es\/de\/wp-json\/wp\/v2\/product"}],"about":[{"href":"https:\/\/www.enate.es\/de\/wp-json\/wp\/v2\/types\/product"}],"version-history":[{"count":9,"href":"https:\/\/www.enate.es\/de\/wp-json\/wp\/v2\/product\/1868\/revisions"}],"predecessor-version":[{"id":5887,"href":"https:\/\/www.enate.es\/de\/wp-json\/wp\/v2\/product\/1868\/revisions\/5887"}],"wp:featuredmedia":[{"embeddable":true,"href":"https:\/\/www.enate.es\/de\/wp-json\/wp\/v2\/media\/2803"}],"wp:attachment":[{"href":"https:\/\/www.enate.es\/de\/wp-json\/wp\/v2\/media?parent=1868"}],"wp:term":[{"taxonomy":"product_brand","embeddable":true,"href":"https:\/\/www.enate.es\/de\/wp-json\/wp\/v2\/product_brand?post=1868"},{"taxonomy":"product_cat","embeddable":true,"href":"https:\/\/www.enate.es\/de\/wp-json\/wp\/v2\/product_cat?post=1868"},{"taxonomy":"product_tag","embeddable":true,"href":"https:\/\/www.enate.es\/de\/wp-json\/wp\/v2\/product_tag?post=1868"}],"curies":[{"name":"wp","href":"https:\/\/api.w.org\/{rel}","templated":true}]}}