{"id":1867,"date":"2020-11-09T23:41:24","date_gmt":"2020-11-09T22:41:24","guid":{"rendered":"https:\/\/www.enate.es\/de\/?post_type=product&#038;p=1867"},"modified":"2023-04-12T10:01:31","modified_gmt":"2023-04-12T08:01:31","slug":"gewurztraminer","status":"publish","type":"product","link":"https:\/\/www.enate.es\/de\/geschaft\/gewurztraminer\/","title":{"rendered":"Gew\u00fcrztraminer"},"content":{"rendered":"<h2>Rebsorte<\/h2>\n<p>Gew\u00fcrztraminer.<\/p>\n<h2>Bemerkungen des Winzers<\/h2>\n<p>Eine wahrhaft blumige Komposition mit einer gr\u00f6\u00dferen Langlebigkeit als viele andere Wei\u00dfweine. Bei geeigneten Bedingungen gelagert, vollzieht sich die Flaschenreife mehrere Jahre lang ausgesprochen gut. Seine komplexe Aromenvielfalt wird mit der Zeit noch reicher und gewinnt an Komplexit\u00e4t.<\/p>\n<h2>Pass gut zu<\/h2>\n<p>Ideal f\u00fcr einen Sommerabend auf der Terrasse oder zu orientalischen Gerichten, zu Austern mit Limettenschaum, zu einem zarten Zitronenh\u00e4hnchen und sogar zu einem Kartoffel-Lamm-Eintopf mit Rosmarin.<\/p>\n<h2>Etikett<\/h2>\n<p>Originalgem\u00e4lde des K\u00fcnstlers Vicente Badenes f\u00fcr ENATE.<\/p>\n","protected":false},"excerpt":{"rendered":"<ul>\n<li>No se vende individualmente.<\/li>\n<li>La cantidad m\u00ednima son 6 botellas o m\u00faltiplos de 6.<\/li>\n<li>El precio dado corresponde a una botella.<\/li>\n<li><\/li>\n<li>Adem\u00e1s de poder comprar la \u00faltima a\u00f1ada, la <strong>2019<\/strong>, tiene la opci\u00f3n de escoger una de nuestras anteriores a\u00f1adas excelentes, la <strong>2017<\/strong>. Elija en el desplegable la a\u00f1ada.<\/li>\n<\/ul>\n<p>&#8230;<\/p>\n","protected":false},"featured_media":2805,"template":"","meta":{"_crdt_document":""},"product_brand":[],"product_cat":[23],"product_tag":[],"class_list":{"0":"post-1867","1":"product","2":"type-product","3":"status-publish","4":"has-post-thumbnail","6":"product_cat-blanco","8":"first","9":"instock","10":"taxable","11":"shipping-taxable","12":"purchasable","13":"product-type-variable","14":"has-default-attributes"},"bundled_by":[],"bundle_stock_status":"instock","bundle_stock_quantity":null,"bundle_virtual":false,"bundle_layout":"","bundle_add_to_cart_form_location":"","bundle_editable_in_cart":false,"bundle_sold_individually_context":"","bundle_item_grouping":"","bundle_min_size":"","bundle_max_size":"","bundle_price":[],"bundled_items":[],"bundle_sell_ids":[],"exclude_global_add_ons":[],"addons":[],"_links":{"self":[{"href":"https:\/\/www.enate.es\/de\/wp-json\/wp\/v2\/product\/1867","targetHints":{"allow":["GET"]}}],"collection":[{"href":"https:\/\/www.enate.es\/de\/wp-json\/wp\/v2\/product"}],"about":[{"href":"https:\/\/www.enate.es\/de\/wp-json\/wp\/v2\/types\/product"}],"version-history":[{"count":5,"href":"https:\/\/www.enate.es\/de\/wp-json\/wp\/v2\/product\/1867\/revisions"}],"predecessor-version":[{"id":5883,"href":"https:\/\/www.enate.es\/de\/wp-json\/wp\/v2\/product\/1867\/revisions\/5883"}],"wp:featuredmedia":[{"embeddable":true,"href":"https:\/\/www.enate.es\/de\/wp-json\/wp\/v2\/media\/2805"}],"wp:attachment":[{"href":"https:\/\/www.enate.es\/de\/wp-json\/wp\/v2\/media?parent=1867"}],"wp:term":[{"taxonomy":"product_brand","embeddable":true,"href":"https:\/\/www.enate.es\/de\/wp-json\/wp\/v2\/product_brand?post=1867"},{"taxonomy":"product_cat","embeddable":true,"href":"https:\/\/www.enate.es\/de\/wp-json\/wp\/v2\/product_cat?post=1867"},{"taxonomy":"product_tag","embeddable":true,"href":"https:\/\/www.enate.es\/de\/wp-json\/wp\/v2\/product_tag?post=1867"}],"curies":[{"name":"wp","href":"https:\/\/api.w.org\/{rel}","templated":true}]}}