{"id":1866,"date":"2020-11-09T23:40:23","date_gmt":"2020-11-09T22:40:23","guid":{"rendered":"https:\/\/www.enate.es\/de\/?post_type=product&#038;p=1866"},"modified":"2023-04-12T10:00:27","modified_gmt":"2023-04-12T08:00:27","slug":"chardonnay-234","status":"publish","type":"product","link":"https:\/\/www.enate.es\/de\/geschaft\/chardonnay-234\/","title":{"rendered":"Chardonnay- 234"},"content":{"rendered":"<h2>Rebsorte<\/h2>\n<p><span style=\"font-weight: 400;\">Chardonnay.<\/span><\/p>\n<h2>Bemerkungen des Winzers<\/h2>\n<p>Dieser Wein ist das Ergebnis eines wohl durchdachten Vorhabens: dem traditionellen Klischee der Schw\u00e4che spanischer Wei\u00dfweine etwas Neues entgegen zu setzen.<\/p>\n<h2>Pass gut zu<\/h2>\n<p>Die perfekte Begleitung zu Fisch und Meeresfr\u00fcchten wie etwa zu einem Garnelenspie\u00df mit Basilikum, zur Austern-Ceviche mit Wasabi und Koriander, oder zu Muscheln mit Petersiliensaft oder einem Nudelgericht mit Pesto.<\/p>\n<h2>Etikett<\/h2>\n<p>Originalgem\u00e4lde des K\u00fcnstlers Pepe Cerd\u00e1 f\u00fcr ENATE.<\/p>\n<p>&nbsp;<\/p>\n","protected":false},"excerpt":{"rendered":"<ul>\n<li>No se vende individualmente.<\/li>\n<li>La cantidad m\u00ednima son 6 botellas o m\u00faltiplos de 6.<\/li>\n<li>El precio dado corresponde a una botella.<\/li>\n<\/ul>\n<p>&#8230;<\/p>\n","protected":false},"featured_media":2800,"template":"","meta":{"_crdt_document":""},"product_brand":[],"product_cat":[23],"product_tag":[39],"class_list":{"0":"post-1866","1":"product","2":"type-product","3":"status-publish","4":"has-post-thumbnail","6":"product_cat-blanco","7":"product_tag-fichaproducto","9":"first","10":"instock","11":"taxable","12":"shipping-taxable","13":"purchasable","14":"product-type-simple"},"bundled_by":[],"bundle_stock_status":"instock","bundle_stock_quantity":null,"bundle_virtual":false,"bundle_layout":"","bundle_add_to_cart_form_location":"","bundle_editable_in_cart":false,"bundle_sold_individually_context":"","bundle_item_grouping":"","bundle_min_size":"","bundle_max_size":"","bundle_price":[],"bundled_items":[],"bundle_sell_ids":[],"exclude_global_add_ons":[],"addons":[],"_links":{"self":[{"href":"https:\/\/www.enate.es\/de\/wp-json\/wp\/v2\/product\/1866","targetHints":{"allow":["GET"]}}],"collection":[{"href":"https:\/\/www.enate.es\/de\/wp-json\/wp\/v2\/product"}],"about":[{"href":"https:\/\/www.enate.es\/de\/wp-json\/wp\/v2\/types\/product"}],"version-history":[{"count":12,"href":"https:\/\/www.enate.es\/de\/wp-json\/wp\/v2\/product\/1866\/revisions"}],"predecessor-version":[{"id":5881,"href":"https:\/\/www.enate.es\/de\/wp-json\/wp\/v2\/product\/1866\/revisions\/5881"}],"wp:featuredmedia":[{"embeddable":true,"href":"https:\/\/www.enate.es\/de\/wp-json\/wp\/v2\/media\/2800"}],"wp:attachment":[{"href":"https:\/\/www.enate.es\/de\/wp-json\/wp\/v2\/media?parent=1866"}],"wp:term":[{"taxonomy":"product_brand","embeddable":true,"href":"https:\/\/www.enate.es\/de\/wp-json\/wp\/v2\/product_brand?post=1866"},{"taxonomy":"product_cat","embeddable":true,"href":"https:\/\/www.enate.es\/de\/wp-json\/wp\/v2\/product_cat?post=1866"},{"taxonomy":"product_tag","embeddable":true,"href":"https:\/\/www.enate.es\/de\/wp-json\/wp\/v2\/product_tag?post=1866"}],"curies":[{"name":"wp","href":"https:\/\/api.w.org\/{rel}","templated":true}]}}