{"id":1865,"date":"2020-11-09T23:39:58","date_gmt":"2020-11-09T22:39:58","guid":{"rendered":"https:\/\/www.enate.es\/de\/?post_type=product&#038;p=1865"},"modified":"2023-04-12T10:02:38","modified_gmt":"2023-04-12T08:02:38","slug":"rosado","status":"publish","type":"product","link":"https:\/\/www.enate.es\/de\/geschaft\/rosado\/","title":{"rendered":"Rosado"},"content":{"rendered":"<h2>Rebsorte<\/h2>\n<p>Cabernet sauvignon.<\/p>\n<h2>Bemerkungen des Winzers<\/h2>\n<p>Dieser Tropfen hat die Seele eines Wei\u00dfweins und den K\u00f6rper eines Rotweins. Ein Rosado der Meisterklasse.<\/p>\n<h2>Pass gut zu<\/h2>\n<p>Mit seiner gro\u00dfen gastronomischen Anpassungsf\u00e4higkeit passt er perfekt zu ger\u00e4uchertem Lachs und Dillh\u00e4ppchen oder einem Brie-K\u00e4se mit Tomatenmarmelade, aber auch zu informellen Gerichten wie einer Pizza Margarita.<\/p>\n<h2>Etikett<\/h2>\n<p>Originalgem\u00e4lde des K\u00fcnstlers Victor Mira f\u00fcr ENATE.<\/p>\n","protected":false},"excerpt":{"rendered":"<ul>\n<li>No se vende individualmente.<\/li>\n<li>La cantidad m\u00ednima son 6 botellas o m\u00faltiplos de 6.<\/li>\n<li>El precio dado corresponde a una botella.<\/li>\n<\/ul>\n<p>&#8230;<\/p>\n","protected":false},"featured_media":2795,"template":"","meta":{"_crdt_document":""},"product_brand":[],"product_cat":[24],"product_tag":[],"class_list":{"0":"post-1865","1":"product","2":"type-product","3":"status-publish","4":"has-post-thumbnail","6":"product_cat-rosado","8":"first","9":"instock","10":"sale","11":"taxable","12":"shipping-taxable","13":"purchasable","14":"product-type-simple"},"bundled_by":[],"bundle_stock_status":"instock","bundle_stock_quantity":null,"bundle_virtual":false,"bundle_layout":"","bundle_add_to_cart_form_location":"","bundle_editable_in_cart":false,"bundle_sold_individually_context":"","bundle_item_grouping":"","bundle_min_size":"","bundle_max_size":"","bundle_price":[],"bundled_items":[],"bundle_sell_ids":[],"exclude_global_add_ons":[],"addons":[],"_links":{"self":[{"href":"https:\/\/www.enate.es\/de\/wp-json\/wp\/v2\/product\/1865","targetHints":{"allow":["GET"]}}],"collection":[{"href":"https:\/\/www.enate.es\/de\/wp-json\/wp\/v2\/product"}],"about":[{"href":"https:\/\/www.enate.es\/de\/wp-json\/wp\/v2\/types\/product"}],"version-history":[{"count":5,"href":"https:\/\/www.enate.es\/de\/wp-json\/wp\/v2\/product\/1865\/revisions"}],"predecessor-version":[{"id":5885,"href":"https:\/\/www.enate.es\/de\/wp-json\/wp\/v2\/product\/1865\/revisions\/5885"}],"wp:featuredmedia":[{"embeddable":true,"href":"https:\/\/www.enate.es\/de\/wp-json\/wp\/v2\/media\/2795"}],"wp:attachment":[{"href":"https:\/\/www.enate.es\/de\/wp-json\/wp\/v2\/media?parent=1865"}],"wp:term":[{"taxonomy":"product_brand","embeddable":true,"href":"https:\/\/www.enate.es\/de\/wp-json\/wp\/v2\/product_brand?post=1865"},{"taxonomy":"product_cat","embeddable":true,"href":"https:\/\/www.enate.es\/de\/wp-json\/wp\/v2\/product_cat?post=1865"},{"taxonomy":"product_tag","embeddable":true,"href":"https:\/\/www.enate.es\/de\/wp-json\/wp\/v2\/product_tag?post=1865"}],"curies":[{"name":"wp","href":"https:\/\/api.w.org\/{rel}","templated":true}]}}