{"id":1863,"date":"2020-11-09T23:38:14","date_gmt":"2020-11-09T22:38:14","guid":{"rendered":"https:\/\/www.enate.es\/de\/?post_type=product&#038;p=1863"},"modified":"2023-04-12T10:08:44","modified_gmt":"2023-04-12T08:08:44","slug":"uno-tinto","status":"publish","type":"product","link":"https:\/\/www.enate.es\/de\/geschaft\/uno-tinto\/","title":{"rendered":"UNO Tinto"},"content":{"rendered":"<h2>Rebsorte<\/h2>\n<p>Cabernet Sauvignon und Syrah.<\/p>\n<h2>Bemerkungen des Winzers<\/h2>\n<p>Der Uno Tinto ist die exklusive Rowein-Legende von ENATE. Die sehr limitierte Flaschenanzahl dieses Weines ist bedingt durch die sorgf\u00e4ltige Selektion. Diese ist auch der Grund daf\u00fcr, warum es nicht viele Jahrg\u00e4nge geben wird, die einen Wein von solcher Eleganz und Dichte hervorbringen.<\/p>\n<h2>Pass gut zu<\/h2>\n<p>Perfecto compa\u00f1ero de platos contundentes como un asado de ternasco con patatas y pimientos rojos o un chulet\u00f3n de carne madurada de buey.<\/p>\n<h2>Pass gut zu<\/h2>\n<p>Perfekte Begleitung zu herzhaften Gerichten wie Roastbeef mit Kartoffeln und Paprika oder einem Steak aus gereiftem Rindfleisch.<\/p>\n<h2>Etikett<\/h2>\n<p>Originalgem\u00e4lde von Erwin Bechtold f\u00fcr ENATE.<\/p>\n","protected":false},"excerpt":{"rendered":"<p>El precio dado corresponde a una botella&#8230;.<\/p>\n","protected":false},"featured_media":2798,"template":"","meta":{"_crdt_document":""},"product_brand":[],"product_cat":[25],"product_tag":[],"class_list":{"0":"post-1863","1":"product","2":"type-product","3":"status-publish","4":"has-post-thumbnail","6":"product_cat-tinto","8":"first","9":"instock","10":"taxable","11":"shipping-taxable","12":"purchasable","13":"product-type-simple"},"bundled_by":[],"bundle_stock_status":"instock","bundle_stock_quantity":null,"bundle_virtual":false,"bundle_layout":"","bundle_add_to_cart_form_location":"","bundle_editable_in_cart":false,"bundle_sold_individually_context":"","bundle_item_grouping":"","bundle_min_size":"","bundle_max_size":"","bundle_price":[],"bundled_items":[],"bundle_sell_ids":[],"exclude_global_add_ons":[],"addons":[],"_links":{"self":[{"href":"https:\/\/www.enate.es\/de\/wp-json\/wp\/v2\/product\/1863","targetHints":{"allow":["GET"]}}],"collection":[{"href":"https:\/\/www.enate.es\/de\/wp-json\/wp\/v2\/product"}],"about":[{"href":"https:\/\/www.enate.es\/de\/wp-json\/wp\/v2\/types\/product"}],"version-history":[{"count":5,"href":"https:\/\/www.enate.es\/de\/wp-json\/wp\/v2\/product\/1863\/revisions"}],"predecessor-version":[{"id":5894,"href":"https:\/\/www.enate.es\/de\/wp-json\/wp\/v2\/product\/1863\/revisions\/5894"}],"wp:featuredmedia":[{"embeddable":true,"href":"https:\/\/www.enate.es\/de\/wp-json\/wp\/v2\/media\/2798"}],"wp:attachment":[{"href":"https:\/\/www.enate.es\/de\/wp-json\/wp\/v2\/media?parent=1863"}],"wp:term":[{"taxonomy":"product_brand","embeddable":true,"href":"https:\/\/www.enate.es\/de\/wp-json\/wp\/v2\/product_brand?post=1863"},{"taxonomy":"product_cat","embeddable":true,"href":"https:\/\/www.enate.es\/de\/wp-json\/wp\/v2\/product_cat?post=1863"},{"taxonomy":"product_tag","embeddable":true,"href":"https:\/\/www.enate.es\/de\/wp-json\/wp\/v2\/product_tag?post=1863"}],"curies":[{"name":"wp","href":"https:\/\/api.w.org\/{rel}","templated":true}]}}