{"id":5943,"date":"2024-10-25T11:59:44","date_gmt":"2024-10-25T09:59:44","guid":{"rendered":"https:\/\/www.enate.es\/de\/?page_id=5943"},"modified":"2024-10-25T12:22:35","modified_gmt":"2024-10-25T10:22:35","slug":"projekt-zur-kreislaufwirtschaft-2024-2029","status":"publish","type":"page","link":"https:\/\/www.enate.es\/de\/projekt-zur-kreislaufwirtschaft-2024-2029\/","title":{"rendered":"Projekt zur Kreislaufwirtschaft 2024-2029"},"content":{"rendered":"\t\t<div data-elementor-type=\"wp-page\" data-elementor-id=\"5943\" class=\"elementor elementor-5943\" data-elementor-post-type=\"page\">\n\t\t\t\t\t\t<section class=\"elementor-section elementor-top-section elementor-element elementor-element-c1cb527 elementor-section-full_width elementor-section-height-full elementor-section-content-middle elementor-section-height-default elementor-section-items-middle\" data-id=\"c1cb527\" data-element_type=\"section\" data-e-type=\"section\">\n\t\t\t\t\t\t<div class=\"elementor-container elementor-column-gap-default\">\n\t\t\t\t\t<div class=\"elementor-column elementor-col-50 elementor-top-column elementor-element elementor-element-f031994\" data-id=\"f031994\" data-element_type=\"column\" data-e-type=\"column\">\n\t\t\t<div class=\"elementor-widget-wrap elementor-element-populated\">\n\t\t\t\t\t\t<div class=\"elementor-element elementor-element-ab6f4b3 elementor-widget elementor-widget-heading\" data-id=\"ab6f4b3\" data-element_type=\"widget\" data-e-type=\"widget\" data-widget_type=\"heading.default\">\n\t\t\t\t<div class=\"elementor-widget-container\">\n\t\t\t\t\t<h1 class=\"elementor-heading-title elementor-size-default\">Unterst\u00fctzung bei Investitionen in die Kreislaufwirtschaft<\/h1>\t\t\t\t<\/div>\n\t\t\t\t<\/div>\n\t\t\t\t<div class=\"elementor-element elementor-element-2a23c8e elementor-widget elementor-widget-text-editor\" data-id=\"2a23c8e\" data-element_type=\"widget\" data-e-type=\"widget\" data-widget_type=\"text-editor.default\">\n\t\t\t\t<div class=\"elementor-widget-container\">\n\t\t\t\t\t\t\t\t\t<p>Die Bodega ENATE hat im Jahr 2024 ein Investitionsprojekt zur Kreislaufwirtschaft im Produktionsprozess ins Leben gerufen, mit dem Ziel, den \u00dcbergang zu einer kreislauforientierten Wirtschaft und einer effizienten Ressourcennutzung zu f\u00f6rdern. Dieses Projekt wurde von der Europ\u00e4ischen Union und der Regierung von Arag\u00f3n finanziert.<\/p>\t\t\t\t\t\t\t\t<\/div>\n\t\t\t\t<\/div>\n\t\t\t\t<div class=\"elementor-element elementor-element-39d84b7 elementor-widget elementor-widget-image\" data-id=\"39d84b7\" data-element_type=\"widget\" data-e-type=\"widget\" data-widget_type=\"image.default\">\n\t\t\t\t<div class=\"elementor-widget-container\">\n\t\t\t\t\t\t\t\t\t\t\t\t\t\t\t<img fetchpriority=\"high\" decoding=\"async\" width=\"1700\" height=\"130\" src=\"https:\/\/www.enate.es\/de\/wp-content\/uploads\/sites\/6\/2024\/10\/logos_subvencion.webp\" class=\"attachment-medium size-medium wp-image-5957\" alt=\"\" srcset=\"https:\/\/www.enate.es\/de\/wp-content\/uploads\/sites\/6\/2024\/10\/logos_subvencion.webp 1700w, https:\/\/www.enate.es\/de\/wp-content\/uploads\/sites\/6\/2024\/10\/logos_subvencion-768x59.webp 768w, https:\/\/www.enate.es\/de\/wp-content\/uploads\/sites\/6\/2024\/10\/logos_subvencion-1536x117.webp 1536w, https:\/\/www.enate.es\/de\/wp-content\/uploads\/sites\/6\/2024\/10\/logos_subvencion-220x17.webp 220w\" sizes=\"(max-width: 1700px) 100vw, 1700px\" \/>\t\t\t\t\t\t\t\t\t\t\t\t\t\t\t<\/div>\n\t\t\t\t<\/div>\n\t\t\t\t\t<\/div>\n\t\t<\/div>\n\t\t\t\t<div class=\"elementor-column elementor-col-50 elementor-top-column elementor-element elementor-element-1304a40 elementor-hidden-tablet elementor-hidden-phone\" data-id=\"1304a40\" data-element_type=\"column\" data-e-type=\"column\" data-settings=\"{&quot;background_background&quot;:&quot;classic&quot;}\">\n\t\t\t<div class=\"elementor-widget-wrap elementor-element-populated\">\n\t\t\t\t\t\t<div class=\"elementor-element elementor-element-1f5c0e6 elementor-widget elementor-widget-spacer\" data-id=\"1f5c0e6\" data-element_type=\"widget\" data-e-type=\"widget\" data-widget_type=\"spacer.default\">\n\t\t\t\t<div class=\"elementor-widget-container\">\n\t\t\t\t\t\t\t<div class=\"elementor-spacer\">\n\t\t\t<div class=\"elementor-spacer-inner\"><\/div>\n\t\t<\/div>\n\t\t\t\t\t\t<\/div>\n\t\t\t\t<\/div>\n\t\t\t\t\t<\/div>\n\t\t<\/div>\n\t\t\t\t\t<\/div>\n\t\t<\/section>\n\t\t\t\t<\/div>\n\t\t","protected":false},"excerpt":{"rendered":"<p>Unterst\u00fctzung bei Investitionen in die Kreislaufwirtschaft Die Bodega ENATE hat im Jahr 2024 ein Investitionsprojekt zur Kreislaufwirtschaft im Produktionsprozess ins Leben gerufen, mit dem Ziel, den \u00dcbergang zu einer kreislauforientierten Wirtschaft und einer effizienten Ressourcennutzung zu f\u00f6rdern. Dieses Projekt wurde von der Europ\u00e4ischen Union und der Regierung von Arag\u00f3n finanziert&#8230;.<\/p>\n","protected":false},"author":1,"featured_media":0,"parent":0,"menu_order":0,"comment_status":"closed","ping_status":"closed","template":"elementor_header_footer","meta":{"_crdt_document":"","footnotes":""},"class_list":["post-5943","page","type-page","status-publish","hentry"],"_links":{"self":[{"href":"https:\/\/www.enate.es\/de\/wp-json\/wp\/v2\/pages\/5943","targetHints":{"allow":["GET"]}}],"collection":[{"href":"https:\/\/www.enate.es\/de\/wp-json\/wp\/v2\/pages"}],"about":[{"href":"https:\/\/www.enate.es\/de\/wp-json\/wp\/v2\/types\/page"}],"author":[{"embeddable":true,"href":"https:\/\/www.enate.es\/de\/wp-json\/wp\/v2\/users\/1"}],"replies":[{"embeddable":true,"href":"https:\/\/www.enate.es\/de\/wp-json\/wp\/v2\/comments?post=5943"}],"version-history":[{"count":13,"href":"https:\/\/www.enate.es\/de\/wp-json\/wp\/v2\/pages\/5943\/revisions"}],"predecessor-version":[{"id":5960,"href":"https:\/\/www.enate.es\/de\/wp-json\/wp\/v2\/pages\/5943\/revisions\/5960"}],"wp:attachment":[{"href":"https:\/\/www.enate.es\/de\/wp-json\/wp\/v2\/media?parent=5943"}],"curies":[{"name":"wp","href":"https:\/\/api.w.org\/{rel}","templated":true}]}}